{"id":968,"date":"2018-04-21T12:14:39","date_gmt":"2018-04-21T12:14:39","guid":{"rendered":"http:\/\/wp13139850.server-he.de\/?post_type=product&#038;p=968"},"modified":"2026-01-26T10:04:06","modified_gmt":"2026-01-26T10:04:06","slug":"shampoo-n","status":"publish","type":"product","link":"https:\/\/compagniadelcolore.de\/?product=shampoo-n","title":{"rendered":"Shampoo N"},"content":{"rendered":"<p>5000 ml<\/p>\n<p>Empfiehlt sich besonders f\u00fcr die milde Reinigung und Pflege von strukturgesundem Haar.<br \/>\nAuch bei t\u00e4glicher Haarw\u00e4sche bleibt das Haar gut k\u00e4mmbar und wird nicht trocken oder spr\u00f6de.<\/p>\n","protected":false},"excerpt":{"rendered":"<p>5000 ml Empfiehlt sich besonders f\u00fcr die milde Reinigung und Pflege von strukturgesundem Haar. Auch bei t\u00e4glicher Haarw\u00e4sche bleibt das Haar gut k\u00e4mmbar und wird nicht trocken oder spr\u00f6de.<\/p>\n","protected":false},"featured_media":969,"template":"","meta":[],"product_brand":[],"product_cat":[339,25],"product_tag":[],"class_list":{"0":"post-968","1":"product","2":"type-product","3":"status-publish","4":"has-post-thumbnail","6":"product_cat-bio-energo","7":"product_cat-haarpflege","9":"first","10":"instock","11":"taxable","12":"shipping-taxable","13":"purchasable","14":"product-type-simple"},"aioseo_notices":[],"_links":{"self":[{"href":"https:\/\/compagniadelcolore.de\/index.php?rest_route=\/wp\/v2\/product\/968","targetHints":{"allow":["GET"]}}],"collection":[{"href":"https:\/\/compagniadelcolore.de\/index.php?rest_route=\/wp\/v2\/product"}],"about":[{"href":"https:\/\/compagniadelcolore.de\/index.php?rest_route=\/wp\/v2\/types\/product"}],"wp:featuredmedia":[{"embeddable":true,"href":"https:\/\/compagniadelcolore.de\/index.php?rest_route=\/wp\/v2\/media\/969"}],"wp:attachment":[{"href":"https:\/\/compagniadelcolore.de\/index.php?rest_route=%2Fwp%2Fv2%2Fmedia&parent=968"}],"wp:term":[{"taxonomy":"product_brand","embeddable":true,"href":"https:\/\/compagniadelcolore.de\/index.php?rest_route=%2Fwp%2Fv2%2Fproduct_brand&post=968"},{"taxonomy":"product_cat","embeddable":true,"href":"https:\/\/compagniadelcolore.de\/index.php?rest_route=%2Fwp%2Fv2%2Fproduct_cat&post=968"},{"taxonomy":"product_tag","embeddable":true,"href":"https:\/\/compagniadelcolore.de\/index.php?rest_route=%2Fwp%2Fv2%2Fproduct_tag&post=968"}],"curies":[{"name":"wp","href":"https:\/\/api.w.org\/{rel}","templated":true}]}}