{"id":967,"date":"2018-04-21T10:12:04","date_gmt":"2018-04-21T10:12:04","guid":{"rendered":"http:\/\/wp13139850.server-he.de\/?post_type=product&#038;p=967"},"modified":"2026-01-26T10:04:06","modified_gmt":"2026-01-26T10:04:06","slug":"waldkraeutershampoo","status":"publish","type":"product","link":"https:\/\/compagniadelcolore.de\/?product=waldkraeutershampoo","title":{"rendered":"Waldkr\u00e4utershampoo"},"content":{"rendered":"<p>5000 ml<\/p>\n<p>Wirkt haarst\u00e4rkend, macht spr\u00f6des und angegriffenes Haar gesund und elastisch.<br \/>\nF\u00f6rdert Haltbarkeit und Sitz der Frisur.<\/p>\n<p>&nbsp;<\/p>\n","protected":false},"excerpt":{"rendered":"<p>5000 ml Wirkt haarst\u00e4rkend, macht spr\u00f6des und angegriffenes Haar gesund und elastisch. F\u00f6rdert Haltbarkeit und Sitz der Frisur. &nbsp;<\/p>\n","protected":false},"featured_media":966,"template":"","meta":[],"product_brand":[],"product_cat":[339,25],"product_tag":[],"class_list":{"0":"post-967","1":"product","2":"type-product","3":"status-publish","4":"has-post-thumbnail","6":"product_cat-bio-energo","7":"product_cat-haarpflege","9":"first","10":"instock","11":"taxable","12":"shipping-taxable","13":"purchasable","14":"product-type-simple"},"aioseo_notices":[],"_links":{"self":[{"href":"https:\/\/compagniadelcolore.de\/index.php?rest_route=\/wp\/v2\/product\/967","targetHints":{"allow":["GET"]}}],"collection":[{"href":"https:\/\/compagniadelcolore.de\/index.php?rest_route=\/wp\/v2\/product"}],"about":[{"href":"https:\/\/compagniadelcolore.de\/index.php?rest_route=\/wp\/v2\/types\/product"}],"wp:featuredmedia":[{"embeddable":true,"href":"https:\/\/compagniadelcolore.de\/index.php?rest_route=\/wp\/v2\/media\/966"}],"wp:attachment":[{"href":"https:\/\/compagniadelcolore.de\/index.php?rest_route=%2Fwp%2Fv2%2Fmedia&parent=967"}],"wp:term":[{"taxonomy":"product_brand","embeddable":true,"href":"https:\/\/compagniadelcolore.de\/index.php?rest_route=%2Fwp%2Fv2%2Fproduct_brand&post=967"},{"taxonomy":"product_cat","embeddable":true,"href":"https:\/\/compagniadelcolore.de\/index.php?rest_route=%2Fwp%2Fv2%2Fproduct_cat&post=967"},{"taxonomy":"product_tag","embeddable":true,"href":"https:\/\/compagniadelcolore.de\/index.php?rest_route=%2Fwp%2Fv2%2Fproduct_tag&post=967"}],"curies":[{"name":"wp","href":"https:\/\/api.w.org\/{rel}","templated":true}]}}