{"id":958,"date":"2018-04-21T09:39:46","date_gmt":"2018-04-21T09:39:46","guid":{"rendered":"http:\/\/wp13139850.server-he.de\/?post_type=product&#038;p=958"},"modified":"2026-01-26T10:04:08","modified_gmt":"2026-01-26T10:04:08","slug":"haarspry","status":"publish","type":"product","link":"https:\/\/compagniadelcolore.de\/?product=haarspry","title":{"rendered":"Haarspray"},"content":{"rendered":"<p>600 ml<\/p>\n<p>F\u00fcr Frisuren mit Volumen, Glanz und Halt. Kein Verkleben, leicht auszub\u00fcrsten. Die neue Haarsprayformel f\u00fcr den Friseursalon.<\/p>\n","protected":false},"excerpt":{"rendered":"<p>600 ml F\u00fcr Frisuren mit Volumen, Glanz und Halt. Kein Verkleben, leicht auszub\u00fcrsten. Die neue Haarsprayformel f\u00fcr den Friseursalon.<\/p>\n","protected":false},"featured_media":1465,"template":"","meta":[],"product_brand":[],"product_cat":[339,25],"product_tag":[],"class_list":{"0":"post-958","1":"product","2":"type-product","3":"status-publish","4":"has-post-thumbnail","6":"product_cat-bio-energo","7":"product_cat-haarpflege","9":"first","10":"instock","11":"taxable","12":"shipping-taxable","13":"purchasable","14":"product-type-simple"},"aioseo_notices":[],"_links":{"self":[{"href":"https:\/\/compagniadelcolore.de\/index.php?rest_route=\/wp\/v2\/product\/958","targetHints":{"allow":["GET"]}}],"collection":[{"href":"https:\/\/compagniadelcolore.de\/index.php?rest_route=\/wp\/v2\/product"}],"about":[{"href":"https:\/\/compagniadelcolore.de\/index.php?rest_route=\/wp\/v2\/types\/product"}],"wp:featuredmedia":[{"embeddable":true,"href":"https:\/\/compagniadelcolore.de\/index.php?rest_route=\/wp\/v2\/media\/1465"}],"wp:attachment":[{"href":"https:\/\/compagniadelcolore.de\/index.php?rest_route=%2Fwp%2Fv2%2Fmedia&parent=958"}],"wp:term":[{"taxonomy":"product_brand","embeddable":true,"href":"https:\/\/compagniadelcolore.de\/index.php?rest_route=%2Fwp%2Fv2%2Fproduct_brand&post=958"},{"taxonomy":"product_cat","embeddable":true,"href":"https:\/\/compagniadelcolore.de\/index.php?rest_route=%2Fwp%2Fv2%2Fproduct_cat&post=958"},{"taxonomy":"product_tag","embeddable":true,"href":"https:\/\/compagniadelcolore.de\/index.php?rest_route=%2Fwp%2Fv2%2Fproduct_tag&post=958"}],"curies":[{"name":"wp","href":"https:\/\/api.w.org\/{rel}","templated":true}]}}