{"id":924,"date":"2018-04-20T09:55:48","date_gmt":"2018-04-20T09:55:48","guid":{"rendered":"http:\/\/wp13139850.server-he.de\/?post_type=product&#038;p=924"},"modified":"2026-01-26T10:04:09","modified_gmt":"2026-01-26T10:04:09","slug":"smoothie-cream-mango","status":"publish","type":"product","link":"https:\/\/compagniadelcolore.de\/?product=smoothie-cream-mango","title":{"rendered":"Smoothie Cream Mango"},"content":{"rendered":"<table>\n<tbody>\n<tr>\n<td width=\"302\">&nbsp;<\/p>\n<p><strong>\u00a0<\/strong><\/p>\n<p><strong>HELLT AUF UND BELEBT DIE HAARFARBE<\/strong><\/p>\n<p><strong>F\u00dcR STRAPAZIERTES UND GEF\u00c4RBTES HAAR.<\/strong><\/p>\n<p><strong>\u00a0<\/strong><\/p>\n<p>Leave-in Mango Haarcreme, reich an wohltuenden Eigenschaften, pflegt und repariert das Haar und macht es weich und gl\u00e4nzend. Es gibt eine Extraportion Vitamine und Mineralsalze. Enth\u00e4lt Wasser und Fasern, Beta-Carotin und Antioxidantien, die es f\u00fcr strapaziertes und behandeltes Haar geeignet machen.<\/td>\n<\/tr>\n<\/tbody>\n<\/table>\n","protected":false},"excerpt":{"rendered":"<p>&nbsp; \u00a0 HELLT AUF UND BELEBT DIE HAARFARBE F\u00dcR STRAPAZIERTES UND GEF\u00c4RBTES HAAR. \u00a0 Leave-in Mango Haarcreme, reich an wohltuenden Eigenschaften, pflegt und repariert das Haar und macht es weich und gl\u00e4nzend. Es gibt eine Extraportion Vitamine und Mineralsalze. Enth\u00e4lt Wasser und Fasern, Beta-Carotin und Antioxidantien, die es f\u00fcr strapaziertes und behandeltes Haar geeignet machen.<\/p>\n","protected":false},"featured_media":927,"template":"","meta":[],"product_brand":[],"product_cat":[25,379],"product_tag":[],"class_list":{"0":"post-924","1":"product","2":"type-product","3":"status-publish","4":"has-post-thumbnail","6":"product_cat-haarpflege","7":"product_cat-smootie-creams","8":"pa_10-ml-125-ml-10-ml","9":"pa_10-ml-125-ml-125-ml","11":"first","12":"instock","13":"taxable","14":"shipping-taxable","15":"purchasable","16":"product-type-simple"},"aioseo_notices":[],"_links":{"self":[{"href":"https:\/\/compagniadelcolore.de\/index.php?rest_route=\/wp\/v2\/product\/924","targetHints":{"allow":["GET"]}}],"collection":[{"href":"https:\/\/compagniadelcolore.de\/index.php?rest_route=\/wp\/v2\/product"}],"about":[{"href":"https:\/\/compagniadelcolore.de\/index.php?rest_route=\/wp\/v2\/types\/product"}],"wp:featuredmedia":[{"embeddable":true,"href":"https:\/\/compagniadelcolore.de\/index.php?rest_route=\/wp\/v2\/media\/927"}],"wp:attachment":[{"href":"https:\/\/compagniadelcolore.de\/index.php?rest_route=%2Fwp%2Fv2%2Fmedia&parent=924"}],"wp:term":[{"taxonomy":"product_brand","embeddable":true,"href":"https:\/\/compagniadelcolore.de\/index.php?rest_route=%2Fwp%2Fv2%2Fproduct_brand&post=924"},{"taxonomy":"product_cat","embeddable":true,"href":"https:\/\/compagniadelcolore.de\/index.php?rest_route=%2Fwp%2Fv2%2Fproduct_cat&post=924"},{"taxonomy":"product_tag","embeddable":true,"href":"https:\/\/compagniadelcolore.de\/index.php?rest_route=%2Fwp%2Fv2%2Fproduct_tag&post=924"}],"curies":[{"name":"wp","href":"https:\/\/api.w.org\/{rel}","templated":true}]}}