{"id":884,"date":"2018-04-19T20:40:58","date_gmt":"2018-04-19T20:40:58","guid":{"rendered":"http:\/\/wp13139850.server-he.de\/?post_type=product&#038;p=884"},"modified":"2026-01-26T10:04:10","modified_gmt":"2026-01-26T10:04:10","slug":"no-yellow-shampoo","status":"publish","type":"product","link":"https:\/\/compagniadelcolore.de\/?product=no-yellow-shampoo","title":{"rendered":"No-Yellow Shampoo"},"content":{"rendered":"<p>Anti yellow Shampoo 500 ml<\/p>\n<p>Das Anti-Gelbstich -Shampoo reinigt das Haar mild und schw\u00e4cht die gelben Reflexe ab, die blondes, gestr\u00e4hntes oder blondiertes Haar matt wirken lassen. Dank der Formulierung mit violett-blauen Pigmenten der neuesten Generation sorgt es f\u00fcr ein gleichm\u00e4\u00dfiges und langanhaltendes Ergebnis. Es\u00a0\u00a0schw\u00e4cht Schritt f\u00fcr Schritt den f\u00fcr\u00a0depigmentiertes Haar typischen Gelbstich ab und bringt\u00a0die Leuchtkraft der nat\u00fcrlichen Farbe wieder zum\u00a0Vorschein. Das Haar wird\u00a0 durch die ausgewogenen Inhaltsstoffe vor Struktursch\u00e4den gesch\u00fctzt und bis in die Tiefe mit N\u00e4hrstoffen versorgt. Kann auch auf wei\u00dfem, grauem oder grau meliertem Haar angewendet werden, um\u00a0einen reinwei\u00dfen\u00a0gl\u00e4nzenden Effekt zu erzielen.<\/p>\n<p>&nbsp;<\/p>\n<p>&nbsp;<\/p>\n<p>&nbsp;<\/p>\n","protected":false},"excerpt":{"rendered":"<p>Anti yellow Shampoo 500 ml Das Anti-Gelbstich -Shampoo reinigt das Haar mild und schw\u00e4cht die gelben Reflexe ab, die blondes, gestr\u00e4hntes oder blondiertes Haar matt wirken lassen. Dank der Formulierung mit violett-blauen Pigmenten der neuesten Generation sorgt es f\u00fcr ein gleichm\u00e4\u00dfiges und langanhaltendes Ergebnis. Es\u00a0\u00a0schw\u00e4cht Schritt f\u00fcr Schritt den f\u00fcr\u00a0depigmentiertes Haar typischen Gelbstich ab und [&hellip;]<\/p>\n","protected":false},"featured_media":220,"template":"","meta":[],"product_brand":[],"product_cat":[25,407],"product_tag":[],"class_list":{"0":"post-884","1":"product","2":"type-product","3":"status-publish","4":"has-post-thumbnail","6":"product_cat-haarpflege","7":"product_cat-no-yellow-shampoo","9":"first","10":"instock","11":"taxable","12":"shipping-taxable","13":"purchasable","14":"product-type-simple"},"aioseo_notices":[],"_links":{"self":[{"href":"https:\/\/compagniadelcolore.de\/index.php?rest_route=\/wp\/v2\/product\/884","targetHints":{"allow":["GET"]}}],"collection":[{"href":"https:\/\/compagniadelcolore.de\/index.php?rest_route=\/wp\/v2\/product"}],"about":[{"href":"https:\/\/compagniadelcolore.de\/index.php?rest_route=\/wp\/v2\/types\/product"}],"wp:featuredmedia":[{"embeddable":true,"href":"https:\/\/compagniadelcolore.de\/index.php?rest_route=\/wp\/v2\/media\/220"}],"wp:attachment":[{"href":"https:\/\/compagniadelcolore.de\/index.php?rest_route=%2Fwp%2Fv2%2Fmedia&parent=884"}],"wp:term":[{"taxonomy":"product_brand","embeddable":true,"href":"https:\/\/compagniadelcolore.de\/index.php?rest_route=%2Fwp%2Fv2%2Fproduct_brand&post=884"},{"taxonomy":"product_cat","embeddable":true,"href":"https:\/\/compagniadelcolore.de\/index.php?rest_route=%2Fwp%2Fv2%2Fproduct_cat&post=884"},{"taxonomy":"product_tag","embeddable":true,"href":"https:\/\/compagniadelcolore.de\/index.php?rest_route=%2Fwp%2Fv2%2Fproduct_tag&post=884"}],"curies":[{"name":"wp","href":"https:\/\/api.w.org\/{rel}","templated":true}]}}