{"id":882,"date":"2018-04-19T20:37:56","date_gmt":"2018-04-19T20:37:56","guid":{"rendered":"http:\/\/wp13139850.server-he.de\/?post_type=product&#038;p=882"},"modified":"2026-01-26T10:04:10","modified_gmt":"2026-01-26T10:04:10","slug":"bleach-cream-blue","status":"publish","type":"product","link":"https:\/\/compagniadelcolore.de\/?product=bleach-cream-blue","title":{"rendered":"Bleach Cream Blue"},"content":{"rendered":"<p>250 ml<\/p>\n<table>\n<tbody>\n<tr>\n<td width=\"302\"><strong>BLEICHCREME BLAU<\/strong><\/p>\n<p><strong>\u00a0<\/strong><\/p>\n<p>Diese mit wertvollen \u00d6len angereicherte Bleichcreme Blau regeneriert, sch\u00fctzt und mildert das Haar w\u00e4hrend der Anwendung und dringt tief in die Haarfaser ein. Dank der weichen und geschmeidigen Textur und der milden Formulierung ist es f\u00fcr alle Haartypen geeignet: nat\u00fcrlich, spr\u00f6de oder gef\u00e4rbt. Wir empfehlen die Verwendung der Bleichcreme anstelle des Puders, wenn das Haar des Kunden spr\u00f6de oder br\u00fcchig ist oder Sie in der N\u00e4he der Kopfhaut bleichen m\u00fcssen.<\/p>\n<p>&nbsp;<\/p>\n<p><strong>INHALTSSTOFFE UND FUNKTIONEN<\/strong><\/p>\n<p>Angereichert mit Bienenwachs und Maisprotein, die feuchtigkeitsspendende und beruhigende Eigenschaften haben.<\/p>\n<p><strong>\u00a0<\/strong><\/p>\n<p><strong>\u00a0<\/strong><\/td>\n<\/tr>\n<\/tbody>\n<\/table>\n","protected":false},"excerpt":{"rendered":"<p>250 ml BLEICHCREME BLAU \u00a0 Diese mit wertvollen \u00d6len angereicherte Bleichcreme Blau regeneriert, sch\u00fctzt und mildert das Haar w\u00e4hrend der Anwendung und dringt tief in die Haarfaser ein. Dank der weichen und geschmeidigen Textur und der milden Formulierung ist es f\u00fcr alle Haartypen geeignet: nat\u00fcrlich, spr\u00f6de oder gef\u00e4rbt. Wir empfehlen die Verwendung der Bleichcreme anstelle [&hellip;]<\/p>\n","protected":false},"featured_media":883,"template":"","meta":[],"product_brand":[],"product_cat":[332,25],"product_tag":[],"class_list":{"0":"post-882","1":"product","2":"type-product","3":"status-publish","4":"has-post-thumbnail","6":"product_cat-bleach-powders","7":"product_cat-haarpflege","9":"first","10":"instock","11":"taxable","12":"shipping-taxable","13":"purchasable","14":"product-type-simple"},"aioseo_notices":[],"_links":{"self":[{"href":"https:\/\/compagniadelcolore.de\/index.php?rest_route=\/wp\/v2\/product\/882","targetHints":{"allow":["GET"]}}],"collection":[{"href":"https:\/\/compagniadelcolore.de\/index.php?rest_route=\/wp\/v2\/product"}],"about":[{"href":"https:\/\/compagniadelcolore.de\/index.php?rest_route=\/wp\/v2\/types\/product"}],"wp:featuredmedia":[{"embeddable":true,"href":"https:\/\/compagniadelcolore.de\/index.php?rest_route=\/wp\/v2\/media\/883"}],"wp:attachment":[{"href":"https:\/\/compagniadelcolore.de\/index.php?rest_route=%2Fwp%2Fv2%2Fmedia&parent=882"}],"wp:term":[{"taxonomy":"product_brand","embeddable":true,"href":"https:\/\/compagniadelcolore.de\/index.php?rest_route=%2Fwp%2Fv2%2Fproduct_brand&post=882"},{"taxonomy":"product_cat","embeddable":true,"href":"https:\/\/compagniadelcolore.de\/index.php?rest_route=%2Fwp%2Fv2%2Fproduct_cat&post=882"},{"taxonomy":"product_tag","embeddable":true,"href":"https:\/\/compagniadelcolore.de\/index.php?rest_route=%2Fwp%2Fv2%2Fproduct_tag&post=882"}],"curies":[{"name":"wp","href":"https:\/\/api.w.org\/{rel}","templated":true}]}}