{"id":881,"date":"2018-04-19T20:35:34","date_gmt":"2018-04-19T20:35:34","guid":{"rendered":"http:\/\/wp13139850.server-he.de\/?post_type=product&#038;p=881"},"modified":"2026-01-26T10:04:10","modified_gmt":"2026-01-26T10:04:10","slug":"powder-compact-blue","status":"publish","type":"product","link":"https:\/\/compagniadelcolore.de\/?product=powder-compact-blue","title":{"rendered":"Blondierpulver Blau"},"content":{"rendered":"<p>500 gr<\/p>\n<table>\n<tbody>\n<tr>\n<td width=\"302\">&nbsp;<\/p>\n<p>&nbsp;<\/p>\n<p><strong>BLAUES STAUBFREIES BLEICHPULVER<\/strong><\/p>\n<p>&nbsp;<\/p>\n<p>Ideal, um potenziell bis zu 6\/7 Stufen aufzuhellen und dank seiner Anti-Gelb-Wirkstoffe k\u00f6nnen Sie Str\u00e4hnchen, Highlights und starke Aufhellungseffekte erzielen, ohne dabei das Haar zu besch\u00e4digen. Hergestellt aus schwerem, nichtfl\u00fcchtigen Mikrogranulat, garantiert diese fortschrittliche Formulierung eine sichere und zuverl\u00e4ssige Viskosit\u00e4tsmischung f\u00fcr alle professionellen Anwendungstechniken.<\/p>\n<p>&nbsp;<\/p>\n<p><strong>INHALTSSTOFFE UND FUNKTIONEN<\/strong><\/p>\n<p>Angereichert mit Jojoba\u00f6l und Keratin, die reich an nat\u00fcrlichen Antioxidantien sind, die freie Radikale bek\u00e4mpfen und die Zellalterung verlangsamen. Jojoba\u00f6l ist ein nat\u00fcrlicher Talgregulator, der f\u00fcr seine au\u00dfergew\u00f6hnlichen feuchtigkeitsspendenden und n\u00e4hrenden Eigenschaften bekannt ist, w\u00e4hrend Keratin, das in die Nagelhaut eindringt, um die Kortikalis zu erreichen, das Haar wieder mit der richtigen Feuchtigkeit versorgt.<\/td>\n<\/tr>\n<\/tbody>\n<\/table>\n","protected":false},"excerpt":{"rendered":"<p>500 gr &nbsp; &nbsp; BLAUES STAUBFREIES BLEICHPULVER &nbsp; Ideal, um potenziell bis zu 6\/7 Stufen aufzuhellen und dank seiner Anti-Gelb-Wirkstoffe k\u00f6nnen Sie Str\u00e4hnchen, Highlights und starke Aufhellungseffekte erzielen, ohne dabei das Haar zu besch\u00e4digen. Hergestellt aus schwerem, nichtfl\u00fcchtigen Mikrogranulat, garantiert diese fortschrittliche Formulierung eine sichere und zuverl\u00e4ssige Viskosit\u00e4tsmischung f\u00fcr alle professionellen Anwendungstechniken. &nbsp; INHALTSSTOFFE UND [&hellip;]<\/p>\n","protected":false},"featured_media":218,"template":"","meta":[],"product_brand":[],"product_cat":[332,25],"product_tag":[],"class_list":{"0":"post-881","1":"product","2":"type-product","3":"status-publish","4":"has-post-thumbnail","6":"product_cat-bleach-powders","7":"product_cat-haarpflege","9":"first","10":"instock","11":"taxable","12":"shipping-taxable","13":"purchasable","14":"product-type-simple"},"aioseo_notices":[],"_links":{"self":[{"href":"https:\/\/compagniadelcolore.de\/index.php?rest_route=\/wp\/v2\/product\/881","targetHints":{"allow":["GET"]}}],"collection":[{"href":"https:\/\/compagniadelcolore.de\/index.php?rest_route=\/wp\/v2\/product"}],"about":[{"href":"https:\/\/compagniadelcolore.de\/index.php?rest_route=\/wp\/v2\/types\/product"}],"wp:featuredmedia":[{"embeddable":true,"href":"https:\/\/compagniadelcolore.de\/index.php?rest_route=\/wp\/v2\/media\/218"}],"wp:attachment":[{"href":"https:\/\/compagniadelcolore.de\/index.php?rest_route=%2Fwp%2Fv2%2Fmedia&parent=881"}],"wp:term":[{"taxonomy":"product_brand","embeddable":true,"href":"https:\/\/compagniadelcolore.de\/index.php?rest_route=%2Fwp%2Fv2%2Fproduct_brand&post=881"},{"taxonomy":"product_cat","embeddable":true,"href":"https:\/\/compagniadelcolore.de\/index.php?rest_route=%2Fwp%2Fv2%2Fproduct_cat&post=881"},{"taxonomy":"product_tag","embeddable":true,"href":"https:\/\/compagniadelcolore.de\/index.php?rest_route=%2Fwp%2Fv2%2Fproduct_tag&post=881"}],"curies":[{"name":"wp","href":"https:\/\/api.w.org\/{rel}","templated":true}]}}