{"id":821,"date":"2018-04-19T10:46:02","date_gmt":"2018-04-19T10:46:02","guid":{"rendered":"http:\/\/wp13139850.server-he.de\/?post_type=product&#038;p=821"},"modified":"2026-01-26T10:04:11","modified_gmt":"2026-01-26T10:04:11","slug":"volume-leave-in-conditioner","status":"publish","type":"product","link":"https:\/\/compagniadelcolore.de\/?product=volume-leave-in-conditioner","title":{"rendered":"Volume Leave in Conditioner"},"content":{"rendered":"<table>\n<tbody>\n<tr>\n<td width=\"302\">\n<table>\n<tbody>\n<tr>\n<td width=\"302\">&nbsp;<\/p>\n<p><strong>LEAVE IN CONDITIONER<\/strong><\/p>\n<p>&nbsp;<\/p>\n<p>Light leave in Conditioner Spray ist schnell und einfach aufzutragen, macht das Haar unglaublich weich und seidig. Angereichert mit hydrolysierten Weizen- und Reisproteinen und Bio-Aloe und Gr\u00fcntee-Extrakten, die das Haar n\u00e4hren, straffen und beleben und es weich, gesund und volumin\u00f6s machen.<\/p>\n<p>&nbsp;<\/td>\n<\/tr>\n<\/tbody>\n<\/table>\n<p><strong>\u00a0<\/strong><\/td>\n<\/tr>\n<\/tbody>\n<\/table>\n<p>&nbsp;<\/p>\n","protected":false},"excerpt":{"rendered":"<p>&nbsp; LEAVE IN CONDITIONER &nbsp; Light leave in Conditioner Spray ist schnell und einfach aufzutragen, macht das Haar unglaublich weich und seidig. Angereichert mit hydrolysierten Weizen- und Reisproteinen und Bio-Aloe und Gr\u00fcntee-Extrakten, die das Haar n\u00e4hren, straffen und beleben und es weich, gesund und volumin\u00f6s machen. &nbsp; \u00a0 &nbsp;<\/p>\n","protected":false},"featured_media":205,"template":"","meta":[],"product_brand":[],"product_cat":[334,25],"product_tag":[],"class_list":{"0":"post-821","1":"product","2":"type-product","3":"status-publish","4":"has-post-thumbnail","6":"product_cat-daily-care-line","7":"product_cat-haarpflege","9":"first","10":"instock","11":"taxable","12":"shipping-taxable","13":"purchasable","14":"product-type-simple"},"aioseo_notices":[],"_links":{"self":[{"href":"https:\/\/compagniadelcolore.de\/index.php?rest_route=\/wp\/v2\/product\/821","targetHints":{"allow":["GET"]}}],"collection":[{"href":"https:\/\/compagniadelcolore.de\/index.php?rest_route=\/wp\/v2\/product"}],"about":[{"href":"https:\/\/compagniadelcolore.de\/index.php?rest_route=\/wp\/v2\/types\/product"}],"wp:featuredmedia":[{"embeddable":true,"href":"https:\/\/compagniadelcolore.de\/index.php?rest_route=\/wp\/v2\/media\/205"}],"wp:attachment":[{"href":"https:\/\/compagniadelcolore.de\/index.php?rest_route=%2Fwp%2Fv2%2Fmedia&parent=821"}],"wp:term":[{"taxonomy":"product_brand","embeddable":true,"href":"https:\/\/compagniadelcolore.de\/index.php?rest_route=%2Fwp%2Fv2%2Fproduct_brand&post=821"},{"taxonomy":"product_cat","embeddable":true,"href":"https:\/\/compagniadelcolore.de\/index.php?rest_route=%2Fwp%2Fv2%2Fproduct_cat&post=821"},{"taxonomy":"product_tag","embeddable":true,"href":"https:\/\/compagniadelcolore.de\/index.php?rest_route=%2Fwp%2Fv2%2Fproduct_tag&post=821"}],"curies":[{"name":"wp","href":"https:\/\/api.w.org\/{rel}","templated":true}]}}