{"id":817,"date":"2018-04-19T10:42:15","date_gmt":"2018-04-19T10:42:15","guid":{"rendered":"http:\/\/wp13139850.server-he.de\/?post_type=product&#038;p=817"},"modified":"2026-03-30T03:36:55","modified_gmt":"2026-03-30T03:36:55","slug":"volume-shampoo","status":"publish","type":"product","link":"https:\/\/compagniadelcolore.de\/?product=volume-shampoo","title":{"rendered":"Volume Shampoo"},"content":{"rendered":"<p>Erh\u00e4ltlich in den Gr\u00f6\u00dfen: 250 ml und 500 ml<\/p>\n<table>\n<tbody>\n<tr>\n<td width=\"302\">&nbsp;<\/p>\n<p><strong>\u00a0<\/strong><\/p>\n<p>Verleiht feinem und spr\u00f6dem Haar K\u00f6rper und Volumen. Angereichert mit Bio Ginkgo Biloba, gr\u00fcnem Tee und Feigenextrakten st\u00e4rkt und revitalisiert es das Haar und sch\u00fctzt es vor \u00e4u\u00dferen Einfl\u00fcssen. Die hydrolysierten Weizen- und Reisproteine wirken zusammen mit Creatin in Synergie mit den Extrakten, um ihre st\u00e4rkenden und regenerierenden Eigenschaften zu erh\u00f6hen. F\u00fcr kr\u00e4ftiges, gesundes, sch\u00f6nes und volumin\u00f6ses Haar.<\/p>\n<p>&nbsp;<\/p>\n<p>&nbsp;<\/p>\n<p>&nbsp;<\/p>\n<p>&nbsp;<\/p>\n<p>&nbsp;<\/td>\n<\/tr>\n<\/tbody>\n<\/table>\n","protected":false},"excerpt":{"rendered":"<p>Erh\u00e4ltlich in den Gr\u00f6\u00dfen: 250 ml und 500 ml &nbsp; \u00a0 Verleiht feinem und spr\u00f6dem Haar K\u00f6rper und Volumen. Angereichert mit Bio Ginkgo Biloba, gr\u00fcnem Tee und Feigenextrakten st\u00e4rkt und revitalisiert es das Haar und sch\u00fctzt es vor \u00e4u\u00dferen Einfl\u00fcssen. Die hydrolysierten Weizen- und Reisproteine wirken zusammen mit Creatin in Synergie mit den Extrakten, um [&hellip;]<\/p>\n","protected":false},"featured_media":233,"template":"","meta":[],"product_brand":[],"product_cat":[334,25],"product_tag":[],"class_list":{"0":"post-817","1":"product","2":"type-product","3":"status-publish","4":"has-post-thumbnail","6":"product_cat-daily-care-line","7":"product_cat-haarpflege","8":"pa_8-ml-250-ml-1000-ml-8-ml","9":"pa_8-ml-250-ml-1000-ml-250-ml","10":"pa_8-ml-250-ml-1000-ml-1000-ml","12":"first","13":"instock","14":"taxable","15":"shipping-taxable","16":"purchasable","17":"product-type-variable"},"aioseo_notices":[],"_links":{"self":[{"href":"https:\/\/compagniadelcolore.de\/index.php?rest_route=\/wp\/v2\/product\/817","targetHints":{"allow":["GET"]}}],"collection":[{"href":"https:\/\/compagniadelcolore.de\/index.php?rest_route=\/wp\/v2\/product"}],"about":[{"href":"https:\/\/compagniadelcolore.de\/index.php?rest_route=\/wp\/v2\/types\/product"}],"wp:featuredmedia":[{"embeddable":true,"href":"https:\/\/compagniadelcolore.de\/index.php?rest_route=\/wp\/v2\/media\/233"}],"wp:attachment":[{"href":"https:\/\/compagniadelcolore.de\/index.php?rest_route=%2Fwp%2Fv2%2Fmedia&parent=817"}],"wp:term":[{"taxonomy":"product_brand","embeddable":true,"href":"https:\/\/compagniadelcolore.de\/index.php?rest_route=%2Fwp%2Fv2%2Fproduct_brand&post=817"},{"taxonomy":"product_cat","embeddable":true,"href":"https:\/\/compagniadelcolore.de\/index.php?rest_route=%2Fwp%2Fv2%2Fproduct_cat&post=817"},{"taxonomy":"product_tag","embeddable":true,"href":"https:\/\/compagniadelcolore.de\/index.php?rest_route=%2Fwp%2Fv2%2Fproduct_tag&post=817"}],"curies":[{"name":"wp","href":"https:\/\/api.w.org\/{rel}","templated":true}]}}