{"id":809,"date":"2018-04-19T10:37:06","date_gmt":"2018-04-19T10:37:06","guid":{"rendered":"http:\/\/wp13139850.server-he.de\/?post_type=product&#038;p=809"},"modified":"2026-01-26T10:04:12","modified_gmt":"2026-01-26T10:04:12","slug":"color-care-shampoo","status":"publish","type":"product","link":"https:\/\/compagniadelcolore.de\/?product=color-care-shampoo","title":{"rendered":"Color Care Shampoo"},"content":{"rendered":"<p>Erh\u00e4ltlich in dem Gr\u00f6\u00dfen: 250 ml und 500 ml<\/p>\n<table>\n<tbody>\n<tr>\n<td width=\"302\"><strong>FARBPFLEGESHAMPOO<\/strong><\/p>\n<p><strong>\u00a0<\/strong><\/p>\n<p>Es hilft dank seiner Bio-Kiwi- und Leinsamen-Extrakte, die die Akzente verst\u00e4rken und aufhellen, die Farbintensit\u00e4t zu sch\u00fctzen, zu erhalten und wiederzubeleben. Die hydrolysierten Weizen- und Reisproteine sowie der Sonnenblumenextrakt n\u00e4hren und st\u00e4rken das Haar und machen es extrem weich, seidig und gl\u00e4nzend.<\/td>\n<\/tr>\n<\/tbody>\n<\/table>\n","protected":false},"excerpt":{"rendered":"<p>Erh\u00e4ltlich in dem Gr\u00f6\u00dfen: 250 ml und 500 ml FARBPFLEGESHAMPOO \u00a0 Es hilft dank seiner Bio-Kiwi- und Leinsamen-Extrakte, die die Akzente verst\u00e4rken und aufhellen, die Farbintensit\u00e4t zu sch\u00fctzen, zu erhalten und wiederzubeleben. Die hydrolysierten Weizen- und Reisproteine sowie der Sonnenblumenextrakt n\u00e4hren und st\u00e4rken das Haar und machen es extrem weich, seidig und gl\u00e4nzend.<\/p>\n","protected":false},"featured_media":190,"template":"","meta":[],"product_brand":[],"product_cat":[334,25],"product_tag":[],"class_list":{"0":"post-809","1":"product","2":"type-product","3":"status-publish","4":"has-post-thumbnail","6":"product_cat-daily-care-line","7":"product_cat-haarpflege","8":"pa_8-ml-250-ml-1000-ml-8-ml","9":"pa_8-ml-250-ml-1000-ml-250-ml","10":"pa_8-ml-250-ml-1000-ml-1000-ml","12":"first","13":"instock","14":"taxable","15":"shipping-taxable","16":"purchasable","17":"product-type-variable"},"aioseo_notices":[],"_links":{"self":[{"href":"https:\/\/compagniadelcolore.de\/index.php?rest_route=\/wp\/v2\/product\/809","targetHints":{"allow":["GET"]}}],"collection":[{"href":"https:\/\/compagniadelcolore.de\/index.php?rest_route=\/wp\/v2\/product"}],"about":[{"href":"https:\/\/compagniadelcolore.de\/index.php?rest_route=\/wp\/v2\/types\/product"}],"wp:featuredmedia":[{"embeddable":true,"href":"https:\/\/compagniadelcolore.de\/index.php?rest_route=\/wp\/v2\/media\/190"}],"wp:attachment":[{"href":"https:\/\/compagniadelcolore.de\/index.php?rest_route=%2Fwp%2Fv2%2Fmedia&parent=809"}],"wp:term":[{"taxonomy":"product_brand","embeddable":true,"href":"https:\/\/compagniadelcolore.de\/index.php?rest_route=%2Fwp%2Fv2%2Fproduct_brand&post=809"},{"taxonomy":"product_cat","embeddable":true,"href":"https:\/\/compagniadelcolore.de\/index.php?rest_route=%2Fwp%2Fv2%2Fproduct_cat&post=809"},{"taxonomy":"product_tag","embeddable":true,"href":"https:\/\/compagniadelcolore.de\/index.php?rest_route=%2Fwp%2Fv2%2Fproduct_tag&post=809"}],"curies":[{"name":"wp","href":"https:\/\/api.w.org\/{rel}","templated":true}]}}