{"id":805,"date":"2018-04-19T10:16:12","date_gmt":"2018-04-19T10:16:12","guid":{"rendered":"http:\/\/wp13139850.server-he.de\/?post_type=product&#038;p=805"},"modified":"2026-03-06T05:53:22","modified_gmt":"2026-03-06T05:53:22","slug":"nuorish-conditioner","status":"publish","type":"product","link":"https:\/\/compagniadelcolore.de\/?product=nuorish-conditioner","title":{"rendered":"Nourish Conditioner"},"content":{"rendered":"<p>Erh\u00e4ltlich in den Gr\u00f6\u00dfen : 200 ml und 1000 ml.<\/p>\n<table>\n<tbody>\n<tr>\n<td width=\"302\">&nbsp;<\/p>\n<p><strong>N\u00c4HRENDE CREME<\/strong><\/p>\n<p>&nbsp;<\/p>\n<p>Formuliert mit Kakaoextrakt, der in Synergie mit 5 wertvollen \u00d6len (Leinsamen, Jojoba, Macadamia, Olive und Argan) wirkt, die f\u00fcr ihre n\u00e4hrenden und aufhellenden Eigenschaften bekannt sind, verleiht dieser Conditioner extra Weichheit und Glanz. Das Caramel hilft, die nat\u00fcrlichen Untert\u00f6ne zu verst\u00e4rken, verleiht dem Haar Glanz und macht es seidig und geschmeidig.<\/td>\n<\/tr>\n<\/tbody>\n<\/table>\n","protected":false},"excerpt":{"rendered":"<p>Erh\u00e4ltlich in den Gr\u00f6\u00dfen : 200 ml und 1000 ml. &nbsp; N\u00c4HRENDE CREME &nbsp; Formuliert mit Kakaoextrakt, der in Synergie mit 5 wertvollen \u00d6len (Leinsamen, Jojoba, Macadamia, Olive und Argan) wirkt, die f\u00fcr ihre n\u00e4hrenden und aufhellenden Eigenschaften bekannt sind, verleiht dieser Conditioner extra Weichheit und Glanz. Das Caramel hilft, die nat\u00fcrlichen Untert\u00f6ne zu verst\u00e4rken, [&hellip;]<\/p>\n","protected":false},"featured_media":210,"template":"","meta":[],"product_brand":[],"product_cat":[334,25],"product_tag":[],"class_list":{"0":"post-805","1":"product","2":"type-product","3":"status-publish","4":"has-post-thumbnail","6":"product_cat-daily-care-line","7":"product_cat-haarpflege","9":"first","10":"instock","11":"taxable","12":"shipping-taxable","13":"purchasable","14":"product-type-variable"},"aioseo_notices":[],"_links":{"self":[{"href":"https:\/\/compagniadelcolore.de\/index.php?rest_route=\/wp\/v2\/product\/805","targetHints":{"allow":["GET"]}}],"collection":[{"href":"https:\/\/compagniadelcolore.de\/index.php?rest_route=\/wp\/v2\/product"}],"about":[{"href":"https:\/\/compagniadelcolore.de\/index.php?rest_route=\/wp\/v2\/types\/product"}],"wp:featuredmedia":[{"embeddable":true,"href":"https:\/\/compagniadelcolore.de\/index.php?rest_route=\/wp\/v2\/media\/210"}],"wp:attachment":[{"href":"https:\/\/compagniadelcolore.de\/index.php?rest_route=%2Fwp%2Fv2%2Fmedia&parent=805"}],"wp:term":[{"taxonomy":"product_brand","embeddable":true,"href":"https:\/\/compagniadelcolore.de\/index.php?rest_route=%2Fwp%2Fv2%2Fproduct_brand&post=805"},{"taxonomy":"product_cat","embeddable":true,"href":"https:\/\/compagniadelcolore.de\/index.php?rest_route=%2Fwp%2Fv2%2Fproduct_cat&post=805"},{"taxonomy":"product_tag","embeddable":true,"href":"https:\/\/compagniadelcolore.de\/index.php?rest_route=%2Fwp%2Fv2%2Fproduct_tag&post=805"}],"curies":[{"name":"wp","href":"https:\/\/api.w.org\/{rel}","templated":true}]}}