{"id":796,"date":"2018-04-19T10:05:43","date_gmt":"2018-04-19T10:05:43","guid":{"rendered":"http:\/\/wp13139850.server-he.de\/?post_type=product&#038;p=796"},"modified":"2026-01-26T10:04:13","modified_gmt":"2026-01-26T10:04:13","slug":"mirage-mask","status":"publish","type":"product","link":"https:\/\/compagniadelcolore.de\/?product=mirage-mask","title":{"rendered":"Mirage Mask"},"content":{"rendered":"<p>Erh\u00e4ltlich in den Gr\u00f6\u00dfen: 200 ml und 400 ml<\/p>\n<table>\n<tbody>\n<tr>\n<td width=\"302\">&nbsp;<\/p>\n<p><strong>\u00a0<\/strong><\/p>\n<p>Die ideale Pflegemaske, um behandeltes, trockenes und strapaziertes Haar zu pflegen und zu regenerieren, ohne es zu beschweren. 5 wertvolle \u00d6le (Argan, Mandel, Macadamia, Avocado und Kokosnuss) n\u00e4hren, st\u00e4rken das Haar und verleihen ihm Glanz und machen es unglaublich weich und seidig. Angereichert mit hydrolisiertem Reis und Sheabutterproteinen f\u00fcr eine intensive revitalisierende und pflegende Wirkung<strong>.<\/strong><\/td>\n<\/tr>\n<\/tbody>\n<\/table>\n","protected":false},"excerpt":{"rendered":"<p>Erh\u00e4ltlich in den Gr\u00f6\u00dfen: 200 ml und 400 ml &nbsp; \u00a0 Die ideale Pflegemaske, um behandeltes, trockenes und strapaziertes Haar zu pflegen und zu regenerieren, ohne es zu beschweren. 5 wertvolle \u00d6le (Argan, Mandel, Macadamia, Avocado und Kokosnuss) n\u00e4hren, st\u00e4rken das Haar und verleihen ihm Glanz und machen es unglaublich weich und seidig. Angereichert mit [&hellip;]<\/p>\n","protected":false},"featured_media":1282,"template":"","meta":[],"product_brand":[],"product_cat":[25,337],"product_tag":[],"class_list":{"0":"post-796","1":"product","2":"type-product","3":"status-publish","4":"has-post-thumbnail","6":"product_cat-haarpflege","7":"product_cat-mirage-line","9":"first","10":"instock","11":"taxable","12":"shipping-taxable","13":"purchasable","14":"product-type-variable"},"aioseo_notices":[],"_links":{"self":[{"href":"https:\/\/compagniadelcolore.de\/index.php?rest_route=\/wp\/v2\/product\/796","targetHints":{"allow":["GET"]}}],"collection":[{"href":"https:\/\/compagniadelcolore.de\/index.php?rest_route=\/wp\/v2\/product"}],"about":[{"href":"https:\/\/compagniadelcolore.de\/index.php?rest_route=\/wp\/v2\/types\/product"}],"wp:featuredmedia":[{"embeddable":true,"href":"https:\/\/compagniadelcolore.de\/index.php?rest_route=\/wp\/v2\/media\/1282"}],"wp:attachment":[{"href":"https:\/\/compagniadelcolore.de\/index.php?rest_route=%2Fwp%2Fv2%2Fmedia&parent=796"}],"wp:term":[{"taxonomy":"product_brand","embeddable":true,"href":"https:\/\/compagniadelcolore.de\/index.php?rest_route=%2Fwp%2Fv2%2Fproduct_brand&post=796"},{"taxonomy":"product_cat","embeddable":true,"href":"https:\/\/compagniadelcolore.de\/index.php?rest_route=%2Fwp%2Fv2%2Fproduct_cat&post=796"},{"taxonomy":"product_tag","embeddable":true,"href":"https:\/\/compagniadelcolore.de\/index.php?rest_route=%2Fwp%2Fv2%2Fproduct_tag&post=796"}],"curies":[{"name":"wp","href":"https:\/\/api.w.org\/{rel}","templated":true}]}}