{"id":790,"date":"2018-04-19T10:03:10","date_gmt":"2018-04-19T10:03:10","guid":{"rendered":"http:\/\/wp13139850.server-he.de\/?post_type=product&#038;p=790"},"modified":"2026-01-26T10:04:13","modified_gmt":"2026-01-26T10:04:13","slug":"mirage-shampoo","status":"publish","type":"product","link":"https:\/\/compagniadelcolore.de\/?product=mirage-shampoo","title":{"rendered":"Mirage Shampoo"},"content":{"rendered":"<p>Erh\u00e4ltlich in zwei Gr\u00f6\u00dfen: 250 ml und 1000 ml<\/p>\n<table>\n<tbody>\n<tr>\n<td width=\"302\">&nbsp;<\/p>\n<p><strong>\u00a0<\/strong><\/p>\n<p>Restrukturierendes, volumin\u00f6ses und feuchtigkeitsspendendes Shampoo. Argan\u00f6l pflegt das Haar und macht es weich und gl\u00e4nzend. Panthenol und der Aminos\u00e4ure-Komplex n\u00e4hren, st\u00e4rken und sch\u00fctzen das Haar vor \u00e4u\u00dferen Einfl\u00fcssen. Eine wertvolle Mischung aus hydrolysierten Weizen-, Mais- und Sojaproteinen repariert und pflegt gesch\u00e4digtes Haar und macht es weich, regeneriert und volumin\u00f6s.<\/td>\n<\/tr>\n<\/tbody>\n<\/table>\n","protected":false},"excerpt":{"rendered":"<p>Erh\u00e4ltlich in zwei Gr\u00f6\u00dfen: 250 ml und 1000 ml &nbsp; \u00a0 Restrukturierendes, volumin\u00f6ses und feuchtigkeitsspendendes Shampoo. Argan\u00f6l pflegt das Haar und macht es weich und gl\u00e4nzend. Panthenol und der Aminos\u00e4ure-Komplex n\u00e4hren, st\u00e4rken und sch\u00fctzen das Haar vor \u00e4u\u00dferen Einfl\u00fcssen. Eine wertvolle Mischung aus hydrolysierten Weizen-, Mais- und Sojaproteinen repariert und pflegt gesch\u00e4digtes Haar und macht [&hellip;]<\/p>\n","protected":false},"featured_media":1284,"template":"","meta":[],"product_brand":[],"product_cat":[25,337],"product_tag":[],"class_list":{"0":"post-790","1":"product","2":"type-product","3":"status-publish","4":"has-post-thumbnail","6":"product_cat-haarpflege","7":"product_cat-mirage-line","8":"pa_250-ml-1000-ml-250-ml","9":"pa_250-ml-1000-ml-1000-ml","11":"first","12":"instock","13":"taxable","14":"shipping-taxable","15":"purchasable","16":"product-type-variable"},"aioseo_notices":[],"_links":{"self":[{"href":"https:\/\/compagniadelcolore.de\/index.php?rest_route=\/wp\/v2\/product\/790","targetHints":{"allow":["GET"]}}],"collection":[{"href":"https:\/\/compagniadelcolore.de\/index.php?rest_route=\/wp\/v2\/product"}],"about":[{"href":"https:\/\/compagniadelcolore.de\/index.php?rest_route=\/wp\/v2\/types\/product"}],"wp:featuredmedia":[{"embeddable":true,"href":"https:\/\/compagniadelcolore.de\/index.php?rest_route=\/wp\/v2\/media\/1284"}],"wp:attachment":[{"href":"https:\/\/compagniadelcolore.de\/index.php?rest_route=%2Fwp%2Fv2%2Fmedia&parent=790"}],"wp:term":[{"taxonomy":"product_brand","embeddable":true,"href":"https:\/\/compagniadelcolore.de\/index.php?rest_route=%2Fwp%2Fv2%2Fproduct_brand&post=790"},{"taxonomy":"product_cat","embeddable":true,"href":"https:\/\/compagniadelcolore.de\/index.php?rest_route=%2Fwp%2Fv2%2Fproduct_cat&post=790"},{"taxonomy":"product_tag","embeddable":true,"href":"https:\/\/compagniadelcolore.de\/index.php?rest_route=%2Fwp%2Fv2%2Fproduct_tag&post=790"}],"curies":[{"name":"wp","href":"https:\/\/api.w.org\/{rel}","templated":true}]}}