{"id":781,"date":"2018-04-19T09:12:29","date_gmt":"2018-04-19T09:12:29","guid":{"rendered":"http:\/\/wp13139850.server-he.de\/?post_type=product&#038;p=781"},"modified":"2026-01-26T10:04:14","modified_gmt":"2026-01-26T10:04:14","slug":"mirage-oil","status":"publish","type":"product","link":"https:\/\/compagniadelcolore.de\/?product=mirage-oil","title":{"rendered":"Mirage Oil"},"content":{"rendered":"<p>100 ml<\/p>\n<table>\n<tbody>\n<tr>\n<td width=\"302\">&nbsp;<\/p>\n<p><strong>\u00a0<\/strong><\/p>\n<p>Leichtes und kostbares \u00d6l. Die 4 enthaltenen \u00d6le (Argan, Meerrettich, Moringa und Paranuss) pflegen und regenerieren das Haar, machen es weich, samtig und gl\u00e4nzend und sch\u00fctzen es vor \u00e4u\u00dferen Einfl\u00fcssen.<\/td>\n<\/tr>\n<\/tbody>\n<\/table>\n<p>&nbsp;<\/p>\n","protected":false},"excerpt":{"rendered":"<p>100 ml &nbsp; \u00a0 Leichtes und kostbares \u00d6l. Die 4 enthaltenen \u00d6le (Argan, Meerrettich, Moringa und Paranuss) pflegen und regenerieren das Haar, machen es weich, samtig und gl\u00e4nzend und sch\u00fctzen es vor \u00e4u\u00dferen Einfl\u00fcssen. &nbsp;<\/p>\n","protected":false},"featured_media":1270,"template":"","meta":[],"product_brand":[],"product_cat":[25,337],"product_tag":[],"class_list":{"0":"post-781","1":"product","2":"type-product","3":"status-publish","4":"has-post-thumbnail","6":"product_cat-haarpflege","7":"product_cat-mirage-line","9":"first","10":"instock","11":"taxable","12":"shipping-taxable","13":"purchasable","14":"product-type-simple"},"aioseo_notices":[],"_links":{"self":[{"href":"https:\/\/compagniadelcolore.de\/index.php?rest_route=\/wp\/v2\/product\/781","targetHints":{"allow":["GET"]}}],"collection":[{"href":"https:\/\/compagniadelcolore.de\/index.php?rest_route=\/wp\/v2\/product"}],"about":[{"href":"https:\/\/compagniadelcolore.de\/index.php?rest_route=\/wp\/v2\/types\/product"}],"wp:featuredmedia":[{"embeddable":true,"href":"https:\/\/compagniadelcolore.de\/index.php?rest_route=\/wp\/v2\/media\/1270"}],"wp:attachment":[{"href":"https:\/\/compagniadelcolore.de\/index.php?rest_route=%2Fwp%2Fv2%2Fmedia&parent=781"}],"wp:term":[{"taxonomy":"product_brand","embeddable":true,"href":"https:\/\/compagniadelcolore.de\/index.php?rest_route=%2Fwp%2Fv2%2Fproduct_brand&post=781"},{"taxonomy":"product_cat","embeddable":true,"href":"https:\/\/compagniadelcolore.de\/index.php?rest_route=%2Fwp%2Fv2%2Fproduct_cat&post=781"},{"taxonomy":"product_tag","embeddable":true,"href":"https:\/\/compagniadelcolore.de\/index.php?rest_route=%2Fwp%2Fv2%2Fproduct_tag&post=781"}],"curies":[{"name":"wp","href":"https:\/\/api.w.org\/{rel}","templated":true}]}}