{"id":761,"date":"2018-04-19T08:37:49","date_gmt":"2018-04-19T08:37:49","guid":{"rendered":"http:\/\/wp13139850.server-he.de\/?post_type=product&#038;p=761"},"modified":"2026-01-26T10:04:14","modified_gmt":"2026-01-26T10:04:14","slug":"color-mask","status":"publish","type":"product","link":"https:\/\/compagniadelcolore.de\/?product=color-mask","title":{"rendered":"Color Mask"},"content":{"rendered":"<h5>250 ml<\/h5>\n<table>\n<tbody>\n<tr>\n<td width=\"302\"><strong>FARBMASKEN<\/strong><\/p>\n<p><strong>\u00a0<\/strong><\/p>\n<p>Die Compagnia del Colore Color Masken n\u00e4hren und polieren das Haar und verleihen ihm intensive und gl\u00e4nzende Farbt\u00f6ne je nach gew\u00e4hlter Farbe und Ausgangsbasis. Die au\u00dfergew\u00f6hnliche Formel und die spezielle Molekularstruktur der Farbmasken stimulieren die Farbhaftung am Haar. Die verwendeten Pigmente dringen zwischen die einzelnen Haarschuppen ein und haften perfekt an den bindenden Keratinfasern, um dem Haar eine extrem gl\u00e4nzende Oberfl\u00e4che und intensive Farbe zu verleihen. Bringen Sie Ihre Kreativit\u00e4t mit einer unendlichen Farbexplosion zum Ausdruck. Eine Textur, die kompakt f\u00fcr eine bessere Haftung am Haar ist, aber gleichzeitig weich und leicht geschichtet. Perfekt f\u00fcr die Anwendung im Salon, um die Farbe aufzufrischen und f\u00fcr den Hausgebrauch, garantiert absolut sicher und einfach in der Anwendung.<\/td>\n<\/tr>\n<\/tbody>\n<\/table>\n<p>&nbsp;<\/p>\n","protected":false},"excerpt":{"rendered":"<p>250 ml FARBMASKEN \u00a0 Die Compagnia del Colore Color Masken n\u00e4hren und polieren das Haar und verleihen ihm intensive und gl\u00e4nzende Farbt\u00f6ne je nach gew\u00e4hlter Farbe und Ausgangsbasis. Die au\u00dfergew\u00f6hnliche Formel und die spezielle Molekularstruktur der Farbmasken stimulieren die Farbhaftung am Haar. Die verwendeten Pigmente dringen zwischen die einzelnen Haarschuppen ein und haften perfekt an [&hellip;]<\/p>\n","protected":false},"featured_media":779,"template":"","meta":[],"product_brand":[],"product_cat":[338,25],"product_tag":[],"class_list":{"0":"post-761","1":"product","2":"type-product","3":"status-publish","4":"has-post-thumbnail","6":"product_cat-color-mask-line","7":"product_cat-haarpflege","8":"pa_color-farbmaske-farbnummer-beige","9":"pa_color-farbmaske-farbnummer-black","10":"pa_color-farbmaske-farbnummer-blue","11":"pa_color-farbmaske-farbnummer-chocolate","12":"pa_color-farbmaske-farbnummer-copper","13":"pa_color-farbmaske-farbnummer-gold","14":"pa_color-farbmaske-farbnummer-green","15":"pa_color-farbmaske-farbnummer-neutral","16":"pa_color-farbmaske-farbnummer-pink","17":"pa_color-farbmaske-farbnummer-red","18":"pa_color-farbmaske-farbnummer-silver","19":"pa_color-farbmaske-farbnummer-violet","21":"first","22":"instock","23":"taxable","24":"shipping-taxable","25":"purchasable","26":"product-type-variable"},"aioseo_notices":[],"_links":{"self":[{"href":"https:\/\/compagniadelcolore.de\/index.php?rest_route=\/wp\/v2\/product\/761","targetHints":{"allow":["GET"]}}],"collection":[{"href":"https:\/\/compagniadelcolore.de\/index.php?rest_route=\/wp\/v2\/product"}],"about":[{"href":"https:\/\/compagniadelcolore.de\/index.php?rest_route=\/wp\/v2\/types\/product"}],"wp:featuredmedia":[{"embeddable":true,"href":"https:\/\/compagniadelcolore.de\/index.php?rest_route=\/wp\/v2\/media\/779"}],"wp:attachment":[{"href":"https:\/\/compagniadelcolore.de\/index.php?rest_route=%2Fwp%2Fv2%2Fmedia&parent=761"}],"wp:term":[{"taxonomy":"product_brand","embeddable":true,"href":"https:\/\/compagniadelcolore.de\/index.php?rest_route=%2Fwp%2Fv2%2Fproduct_brand&post=761"},{"taxonomy":"product_cat","embeddable":true,"href":"https:\/\/compagniadelcolore.de\/index.php?rest_route=%2Fwp%2Fv2%2Fproduct_cat&post=761"},{"taxonomy":"product_tag","embeddable":true,"href":"https:\/\/compagniadelcolore.de\/index.php?rest_route=%2Fwp%2Fv2%2Fproduct_tag&post=761"}],"curies":[{"name":"wp","href":"https:\/\/api.w.org\/{rel}","templated":true}]}}