{"id":735,"date":"2018-04-18T09:39:10","date_gmt":"2018-04-18T09:39:10","guid":{"rendered":"http:\/\/wp13139850.server-he.de\/?post_type=product&#038;p=735"},"modified":"2026-01-26T10:04:15","modified_gmt":"2026-01-26T10:04:15","slug":"pink-mud","status":"publish","type":"product","link":"https:\/\/compagniadelcolore.de\/?product=pink-mud","title":{"rendered":"Pink Mud"},"content":{"rendered":"<p>250 ml<\/p>\n<table>\n<tbody>\n<tr>\n<td width=\"302\"><strong>Soft Peeling Detox &amp; Purifying Cleansing Conditioner<\/strong><\/p>\n<p><strong>\u00a0<\/strong><\/p>\n<p>PURIFYING MUD mit pflanzlichem Granulat, ist ein nat\u00fcrliches Anti-Pilz-Peeling, das Unreinheiten von Kopfhaut und Haar entfernt. Es ist ein ausgezeichnetes kosmetisches Hilfsmittel, das hilft, Anomalien wie Schuppen und Seborrhoe zu kontrastieren. Seine intensive reinigende, regenerierende und kr\u00e4ftigende Wirkung l\u00e4sst das Haar gl\u00e4nzend und gesund aussehen, ohne dass Shampoo aufgetragen werden muss.<\/td>\n<\/tr>\n<\/tbody>\n<\/table>\n","protected":false},"excerpt":{"rendered":"<p>250 ml Soft Peeling Detox &amp; Purifying Cleansing Conditioner \u00a0 PURIFYING MUD mit pflanzlichem Granulat, ist ein nat\u00fcrliches Anti-Pilz-Peeling, das Unreinheiten von Kopfhaut und Haar entfernt. Es ist ein ausgezeichnetes kosmetisches Hilfsmittel, das hilft, Anomalien wie Schuppen und Seborrhoe zu kontrastieren. Seine intensive reinigende, regenerierende und kr\u00e4ftigende Wirkung l\u00e4sst das Haar gl\u00e4nzend und gesund aussehen, [&hellip;]<\/p>\n","protected":false},"featured_media":736,"template":"","meta":[],"product_brand":[],"product_cat":[25,329],"product_tag":[],"class_list":{"0":"post-735","1":"product","2":"type-product","3":"status-publish","4":"has-post-thumbnail","6":"product_cat-haarpflege","7":"product_cat-pink-mud","9":"first","10":"instock","11":"taxable","12":"shipping-taxable","13":"purchasable","14":"product-type-simple"},"aioseo_notices":[],"_links":{"self":[{"href":"https:\/\/compagniadelcolore.de\/index.php?rest_route=\/wp\/v2\/product\/735","targetHints":{"allow":["GET"]}}],"collection":[{"href":"https:\/\/compagniadelcolore.de\/index.php?rest_route=\/wp\/v2\/product"}],"about":[{"href":"https:\/\/compagniadelcolore.de\/index.php?rest_route=\/wp\/v2\/types\/product"}],"wp:featuredmedia":[{"embeddable":true,"href":"https:\/\/compagniadelcolore.de\/index.php?rest_route=\/wp\/v2\/media\/736"}],"wp:attachment":[{"href":"https:\/\/compagniadelcolore.de\/index.php?rest_route=%2Fwp%2Fv2%2Fmedia&parent=735"}],"wp:term":[{"taxonomy":"product_brand","embeddable":true,"href":"https:\/\/compagniadelcolore.de\/index.php?rest_route=%2Fwp%2Fv2%2Fproduct_brand&post=735"},{"taxonomy":"product_cat","embeddable":true,"href":"https:\/\/compagniadelcolore.de\/index.php?rest_route=%2Fwp%2Fv2%2Fproduct_cat&post=735"},{"taxonomy":"product_tag","embeddable":true,"href":"https:\/\/compagniadelcolore.de\/index.php?rest_route=%2Fwp%2Fv2%2Fproduct_tag&post=735"}],"curies":[{"name":"wp","href":"https:\/\/api.w.org\/{rel}","templated":true}]}}