{"id":732,"date":"2018-04-18T09:16:30","date_gmt":"2018-04-18T09:16:30","guid":{"rendered":"http:\/\/wp13139850.server-he.de\/?post_type=product&#038;p=732"},"modified":"2026-01-26T10:04:15","modified_gmt":"2026-01-26T10:04:15","slug":"crystal-fluids","status":"publish","type":"product","link":"https:\/\/compagniadelcolore.de\/?product=crystal-fluids","title":{"rendered":"Crystal Fluids"},"content":{"rendered":"<p>100 ml<\/p>\n<p>&nbsp;<\/p>\n<p>Fl\u00fcssigkristalle f\u00fcr eine entwirrende und gl\u00e4nzende Behandlung des Haares. Sie eliminieren den Krauseffekt. Enth\u00e4lt keine Konservierungsstoffe.<\/p>\n<p>&nbsp;<\/p>\n<p>&nbsp;<\/p>\n<h1><\/h1>\n<p>&nbsp;<\/p>\n<p>&nbsp;<\/p>\n<p>&nbsp;<\/p>\n<p>&nbsp;<\/p>\n","protected":false},"excerpt":{"rendered":"<p>100 ml &nbsp; Fl\u00fcssigkristalle f\u00fcr eine entwirrende und gl\u00e4nzende Behandlung des Haares. Sie eliminieren den Krauseffekt. Enth\u00e4lt keine Konservierungsstoffe. &nbsp; &nbsp; &nbsp; &nbsp; &nbsp; &nbsp;<\/p>\n","protected":false},"featured_media":195,"template":"","meta":[],"product_brand":[],"product_cat":[25,328],"product_tag":[],"class_list":{"0":"post-732","1":"product","2":"type-product","3":"status-publish","4":"has-post-thumbnail","6":"product_cat-haarpflege","7":"product_cat-style-n-finish","9":"first","10":"instock","11":"taxable","12":"shipping-taxable","13":"purchasable","14":"product-type-simple"},"aioseo_notices":[],"_links":{"self":[{"href":"https:\/\/compagniadelcolore.de\/index.php?rest_route=\/wp\/v2\/product\/732","targetHints":{"allow":["GET"]}}],"collection":[{"href":"https:\/\/compagniadelcolore.de\/index.php?rest_route=\/wp\/v2\/product"}],"about":[{"href":"https:\/\/compagniadelcolore.de\/index.php?rest_route=\/wp\/v2\/types\/product"}],"wp:featuredmedia":[{"embeddable":true,"href":"https:\/\/compagniadelcolore.de\/index.php?rest_route=\/wp\/v2\/media\/195"}],"wp:attachment":[{"href":"https:\/\/compagniadelcolore.de\/index.php?rest_route=%2Fwp%2Fv2%2Fmedia&parent=732"}],"wp:term":[{"taxonomy":"product_brand","embeddable":true,"href":"https:\/\/compagniadelcolore.de\/index.php?rest_route=%2Fwp%2Fv2%2Fproduct_brand&post=732"},{"taxonomy":"product_cat","embeddable":true,"href":"https:\/\/compagniadelcolore.de\/index.php?rest_route=%2Fwp%2Fv2%2Fproduct_cat&post=732"},{"taxonomy":"product_tag","embeddable":true,"href":"https:\/\/compagniadelcolore.de\/index.php?rest_route=%2Fwp%2Fv2%2Fproduct_tag&post=732"}],"curies":[{"name":"wp","href":"https:\/\/api.w.org\/{rel}","templated":true}]}}