{"id":718,"date":"2018-04-17T22:15:10","date_gmt":"2018-04-17T22:15:10","guid":{"rendered":"http:\/\/wp13139850.server-he.de\/?post_type=product&#038;p=718"},"modified":"2026-01-26T10:04:16","modified_gmt":"2026-01-26T10:04:16","slug":"sky-high-mousse-250-ml","status":"publish","type":"product","link":"https:\/\/compagniadelcolore.de\/?product=sky-high-mousse-250-ml","title":{"rendered":"SKY  HIGH   MOUSSE"},"content":{"rendered":"<p>250 ml<\/p>\n<table>\n<tbody>\n<tr>\n<td width=\"302\">&nbsp;<\/p>\n<p><strong>\u00a0<\/strong><\/p>\n<p>Ein starker Halteschaum, der f\u00fcr lang anhaltendes Volumen sorgt, ohne das Haar zu beschweren. Hat auch antistatische Eigenschaften und spendet 100% Elastizit\u00e4t und nat\u00fcrlichen Glanz. Enth\u00e4lt keine Konservierungsmittel und<\/p>\n<table>\n<tbody>\n<tr>\n<td width=\"302\"><strong>STYLING UND FINISHING<\/strong><\/p>\n<p><strong>\u00a0<\/strong><\/p>\n<p><strong>SPIELE MIT DEINEM VERR\u00dcCKTEN STIL<\/strong><\/p>\n<p><strong>\u00a0<\/strong><\/p>\n<p>Glattes oder lockiges Haar, gef\u00e4rbt oder nat\u00fcrlich? Welche Frisur Sie auch haben, Compagnia Del Colore hat die perfekte, ma\u00dfgeschneiderte L\u00f6sung f\u00fcr Sie. Jede Formel ist mit einer speziellen Mischung aus Aloe Vera und Fruchtextrakten angereichert, kombiniert mit hochmodernen Pflegestoffen f\u00fcr wunderbares und gesundes Haar! 11 unvergleichliche Formulierungen aus hochwertigen Memory-Effekt-Polymeren der neuen Generation und hochveredelten reinen Silikonen f\u00fcr einen flexiblen, leicht formbaren und dauerhaften Halt, der auch hitze- und feuchtigkeitsbest\u00e4ndig ist!<\/p>\n<p>&nbsp;<\/p>\n<p>&nbsp;<\/td>\n<\/tr>\n<\/tbody>\n<\/table>\n<p>Allergene<strong>.<\/strong><\/td>\n<\/tr>\n<\/tbody>\n<\/table>\n<p>&nbsp;<\/p>\n","protected":false},"excerpt":{"rendered":"<p>250 ml &nbsp; \u00a0 Ein starker Halteschaum, der f\u00fcr lang anhaltendes Volumen sorgt, ohne das Haar zu beschweren. Hat auch antistatische Eigenschaften und spendet 100% Elastizit\u00e4t und nat\u00fcrlichen Glanz. Enth\u00e4lt keine Konservierungsmittel und STYLING UND FINISHING \u00a0 SPIELE MIT DEINEM VERR\u00dcCKTEN STIL \u00a0 Glattes oder lockiges Haar, gef\u00e4rbt oder nat\u00fcrlich? Welche Frisur Sie auch haben, [&hellip;]<\/p>\n","protected":false},"featured_media":226,"template":"","meta":[],"product_brand":[],"product_cat":[25,328],"product_tag":[],"class_list":{"0":"post-718","1":"product","2":"type-product","3":"status-publish","4":"has-post-thumbnail","6":"product_cat-haarpflege","7":"product_cat-style-n-finish","9":"first","10":"instock","11":"taxable","12":"shipping-taxable","13":"purchasable","14":"product-type-simple"},"aioseo_notices":[],"_links":{"self":[{"href":"https:\/\/compagniadelcolore.de\/index.php?rest_route=\/wp\/v2\/product\/718","targetHints":{"allow":["GET"]}}],"collection":[{"href":"https:\/\/compagniadelcolore.de\/index.php?rest_route=\/wp\/v2\/product"}],"about":[{"href":"https:\/\/compagniadelcolore.de\/index.php?rest_route=\/wp\/v2\/types\/product"}],"wp:featuredmedia":[{"embeddable":true,"href":"https:\/\/compagniadelcolore.de\/index.php?rest_route=\/wp\/v2\/media\/226"}],"wp:attachment":[{"href":"https:\/\/compagniadelcolore.de\/index.php?rest_route=%2Fwp%2Fv2%2Fmedia&parent=718"}],"wp:term":[{"taxonomy":"product_brand","embeddable":true,"href":"https:\/\/compagniadelcolore.de\/index.php?rest_route=%2Fwp%2Fv2%2Fproduct_brand&post=718"},{"taxonomy":"product_cat","embeddable":true,"href":"https:\/\/compagniadelcolore.de\/index.php?rest_route=%2Fwp%2Fv2%2Fproduct_cat&post=718"},{"taxonomy":"product_tag","embeddable":true,"href":"https:\/\/compagniadelcolore.de\/index.php?rest_route=%2Fwp%2Fv2%2Fproduct_tag&post=718"}],"curies":[{"name":"wp","href":"https:\/\/api.w.org\/{rel}","templated":true}]}}