{"id":711,"date":"2018-04-17T19:28:21","date_gmt":"2018-04-17T19:28:21","guid":{"rendered":"http:\/\/wp13139850.server-he.de\/?post_type=product&#038;p=711"},"modified":"2026-01-26T10:04:17","modified_gmt":"2026-01-26T10:04:17","slug":"metal-gel-200-ml","status":"publish","type":"product","link":"https:\/\/compagniadelcolore.de\/?product=metal-gel-200-ml","title":{"rendered":"METAL GEL"},"content":{"rendered":"<p>200 ml<\/p>\n<p><span style=\"color: #3366ff;\">WAS IST DAS?<\/span><br \/>\nEin n\u00e4hrendes und sch\u00fctzendes Gel f\u00fcr eine \u00a0strenge Fixierung, mit \u201cMemory-Effekt\u201c.<br \/>\n<span style=\"color: #3366ff;\">WAS MACHT ES?<\/span><br \/>\nEs formt, modelliert und kontrolliert das Haar. Hinterl\u00e4sst \u00a0keine R\u00fcckst\u00e4nde \u00a0und\u00a0 ist leicht auszub\u00fcrsten. Gibt der Frisur\u00a0ein \u00a0elegant modernes Aussehen mit einem schimmernden Glanz. Sch\u00fctzt die Haare vor W\u00e4rme und\u00a0\u00a0Umwelteinfl\u00fcssen. Es ist feuchtigkeitsbest\u00e4ndig.\u00a0 Hinterl\u00e4sst keine matten, trockenen\u00a0oder spr\u00f6den Haare.\u00a0\u00a0Es kann in Kombination\u00a0 mit anderen\u00a0Styling-Produkten verwendet\u00a0werden, um die\u00a0 Fixierung und den Halt zu verst\u00e4rken.<\/p>\n<p><span style=\"color: #3366ff;\">WIE WIRD ES VERWENDET?<\/span><br \/>\nKleine Menge des Produkts\u00a0in den Handfl\u00e4chen verreiben\u00a0und im feuchten oder nassen Haar verteilen. Vorsichtig K\u00e4mmen, um das Gel von den mittleren L\u00e4ngen bis zu den Spitzen zu verteilen. Die Haare an der Luft trocknen lassen \u00a0oder f\u00f6hnen.<br \/>\nAuf trockenem Haar k\u00f6nnen kleine Mengen des Produkts dazu verwendet werden, um die fertige Frisur zu betonen.<br \/>\nANREICHERT MIT: <span style=\"color: #3366ff;\">ECHTER ALOE &#8211; BROMBEERE-EXTRAKT &#8211; HIMBEER-EXTRAKT<\/span><br \/>\nOHNE: PARABENE &#8211; SILIKONE<\/p>\n<p>GEBEN SIE ENERGIE UND REVITALISIEREN SIE IHREN LOOK<br \/>\nMIT DEN PRODUKTEN STYLING &amp; FINISHING VON CDC!<\/p>\n<p><a href=\"http:\/\/wp13139850.server-he.de\/wp-content\/uploads\/2018\/04\/styling-and-finishing1.jpg\"><img loading=\"lazy\" decoding=\"async\" class=\"alignnone wp-image-230\" src=\"http:\/\/wp13139850.server-he.de\/wp-content\/uploads\/2018\/04\/styling-and-finishing1-300x225.jpg\" alt=\"\" width=\"289\" height=\"226\" \/><\/a><\/p>\n<p>EINE GROSSARTIGE PRODUKTAUSWAHL F\u00dcR DIE FRISUREN,<br \/>\nUM DIE HAARE ZU FIXIEREN, MODELLIEREN, SOWIE VOLUMEN<br \/>\nUND TEXTUR ZU SPENDEN. DIE RESULTATE WERDEN TRENDY,<br \/>\nWANDFREI UND DAUERHAFT SEIN.<\/p>\n<p>Haben Sie glatte, lockige, bunte oder nat\u00fcrliche Haare? COMPAGNIA DEL COLORE hat die<br \/>\nrichtige L\u00f6sung f\u00fcr jeden Stil und jedes Haar. Unsere 10 spezifischen Produkte b\u00fcrgen<br \/>\ndie h\u00f6chste Anwendungsvielseitigkeit und erf\u00fcllen jeden Bedarf. F\u00fcr einen dynamische,<br \/>\nexzentrische und moderne Look.<br \/>\nFrische, bunte, lustige und gro\u00dfartige \u2026 COMPAGNIA DEL COLORE ist mit au\u00dferordentliche<br \/>\nProdukten f\u00fcr die Frisuren und dem Styling wiedergekommen! Jede Formulierung wird<br \/>\nmit einer speziellen Mischung von echte Aloe und Fruchtextrakt anreichert: dank der<br \/>\nVerbindung mit hypermodernen Konditionierungsmittel werde Sie wunderbare und gesunde<br \/>\nHaare haben!<br \/>\nDie 10 unvergleichlichen Formulierungen wurden mit den modernsten Polymere von<br \/>\nh\u00f6chsten Qualit\u00e4t und mit Memory-Effekt realisiert, sowie mit den ultrafeinen Silikonen.<br \/>\nDiese Produkte spenden ein flexibles, modellierendes und dauerhaftes Halten und sch\u00fctzen<br \/>\ndie Haare von der W\u00e4rme und der Feuchtigkeit!<\/p>\n<p>SCHNITZTEN, FIXIEREN, SCH\u00dcTZEN<br \/>\nUND MODELLIEREN SIE IHRE HAARE IM<br \/>\nFRISEURSALON WIE ZUHAUSE.<\/p>\n<p><a href=\"http:\/\/wp13139850.server-he.de\/wp-content\/uploads\/2018\/04\/SuF_obst.jpg\"><img loading=\"lazy\" decoding=\"async\" class=\"aligncenter wp-image-670 size-medium\" src=\"http:\/\/wp13139850.server-he.de\/wp-content\/uploads\/2018\/04\/SuF_obst-e1523975676276-300x33.jpg\" alt=\"\" width=\"300\" height=\"33\" srcset=\"https:\/\/compagniadelcolore.de\/wp-content\/uploads\/2018\/04\/SuF_obst-e1523975676276-300x33.jpg 300w, https:\/\/compagniadelcolore.de\/wp-content\/uploads\/2018\/04\/SuF_obst-e1523975676276-600x66.jpg 600w, https:\/\/compagniadelcolore.de\/wp-content\/uploads\/2018\/04\/SuF_obst-e1523975676276.jpg 636w\" sizes=\"auto, (max-width: 300px) 100vw, 300px\" \/><br \/>\n<\/a>Die weise Verbindung von Natur, Sch\u00f6nheit und Technologie schafft die neuen Produkte<br \/>\nStyling &amp; Finishing von COMPAGNIA DEL COLORE, um jedes Bed\u00fcrfnis \u00fcber den Styling<br \/>\nzu erf\u00fcllen.<br \/>\nEine Mischung von nat\u00fcrlichen, einzigartigen und bahnbrechenden Zutaten, um die<br \/>\nKontrolle und das Halten zu verst\u00e4rken und die moderne Stylings zu schaffen. Die High-<br \/>\nPerformance-Formulierungen spenden strenge und gesunde Haare und w\u00e4hrend des<br \/>\nAbtrocknens sch\u00fctzten sie die Haarfaser von dem thermischen Einfluss, um gl\u00e4nzende<br \/>\nund vitale Haare zu haben.<br \/>\nLASSEN SIE RAUM F\u00dcR FANTASIE, R\u00dcHMEN<br \/>\nSIE DIE PERS\u00d6NLICHKEIT JEDEN KUNDES UND<br \/>\nSCHAFFEN EINZIGARTIGE UND MODERNE<br \/>\nLOOKS!<\/p>\n<h1><strong>ENTFESSELN SIE IHREN STIL!<\/strong><\/h1>\n<p>EXTREME LOOKS, DIE DIE HAARE<br \/>\nBEACHTEN,WERDEN M\u00d6GLICH<br \/>\nMIT COMPAGNIA DEL COLORE!<br \/>\nCOMPAGNIA DEL COLORE, DER<br \/>\nBESTE VERB\u00dcNDETER IHRES LOOK!<\/p>\n<p><a href=\"http:\/\/wp13139850.server-he.de\/wp-content\/uploads\/2018\/04\/SuF_obst2.jpg\"><img loading=\"lazy\" decoding=\"async\" class=\"wp-image-671 size-medium aligncenter\" src=\"http:\/\/wp13139850.server-he.de\/wp-content\/uploads\/2018\/04\/SuF_obst2-e1523975783130-300x35.jpg\" alt=\"\" width=\"300\" height=\"35\" srcset=\"https:\/\/compagniadelcolore.de\/wp-content\/uploads\/2018\/04\/SuF_obst2-e1523975783130-300x35.jpg 300w, https:\/\/compagniadelcolore.de\/wp-content\/uploads\/2018\/04\/SuF_obst2-e1523975783130.jpg 567w\" sizes=\"auto, (max-width: 300px) 100vw, 300px\" \/><\/a><\/p>\n","protected":false},"excerpt":{"rendered":"<p>200 ml WAS IST DAS? Ein n\u00e4hrendes und sch\u00fctzendes Gel f\u00fcr eine \u00a0strenge Fixierung, mit \u201cMemory-Effekt\u201c. WAS MACHT ES? Es formt, modelliert und kontrolliert das Haar. Hinterl\u00e4sst \u00a0keine R\u00fcckst\u00e4nde \u00a0und\u00a0 ist leicht auszub\u00fcrsten. Gibt der Frisur\u00a0ein \u00a0elegant modernes Aussehen mit einem schimmernden Glanz. Sch\u00fctzt die Haare vor W\u00e4rme und\u00a0\u00a0Umwelteinfl\u00fcssen. Es ist feuchtigkeitsbest\u00e4ndig.\u00a0 Hinterl\u00e4sst keine matten, [&hellip;]<\/p>\n","protected":false},"featured_media":206,"template":"","meta":[],"product_brand":[],"product_cat":[25,328],"product_tag":[],"class_list":{"0":"post-711","1":"product","2":"type-product","3":"status-publish","4":"has-post-thumbnail","6":"product_cat-haarpflege","7":"product_cat-style-n-finish","9":"first","10":"outofstock","11":"taxable","12":"shipping-taxable","13":"purchasable","14":"product-type-simple"},"aioseo_notices":[],"_links":{"self":[{"href":"https:\/\/compagniadelcolore.de\/index.php?rest_route=\/wp\/v2\/product\/711","targetHints":{"allow":["GET"]}}],"collection":[{"href":"https:\/\/compagniadelcolore.de\/index.php?rest_route=\/wp\/v2\/product"}],"about":[{"href":"https:\/\/compagniadelcolore.de\/index.php?rest_route=\/wp\/v2\/types\/product"}],"wp:featuredmedia":[{"embeddable":true,"href":"https:\/\/compagniadelcolore.de\/index.php?rest_route=\/wp\/v2\/media\/206"}],"wp:attachment":[{"href":"https:\/\/compagniadelcolore.de\/index.php?rest_route=%2Fwp%2Fv2%2Fmedia&parent=711"}],"wp:term":[{"taxonomy":"product_brand","embeddable":true,"href":"https:\/\/compagniadelcolore.de\/index.php?rest_route=%2Fwp%2Fv2%2Fproduct_brand&post=711"},{"taxonomy":"product_cat","embeddable":true,"href":"https:\/\/compagniadelcolore.de\/index.php?rest_route=%2Fwp%2Fv2%2Fproduct_cat&post=711"},{"taxonomy":"product_tag","embeddable":true,"href":"https:\/\/compagniadelcolore.de\/index.php?rest_route=%2Fwp%2Fv2%2Fproduct_tag&post=711"}],"curies":[{"name":"wp","href":"https:\/\/api.w.org\/{rel}","templated":true}]}}