{"id":1344,"date":"2019-03-22T10:56:22","date_gmt":"2019-03-22T10:56:22","guid":{"rendered":"http:\/\/compagniadelcolore.de\/?post_type=product&#038;p=1344"},"modified":"2026-01-26T10:03:56","modified_gmt":"2026-01-26T10:03:56","slug":"anti-age-potion","status":"publish","type":"product","link":"https:\/\/compagniadelcolore.de\/?product=anti-age-potion","title":{"rendered":"Anti-Age Potion"},"content":{"rendered":"<p><strong>Gesichtscreme f\u00fcr den t\u00e4glichen Gebrauch. <\/strong>Bietet Hydration, Frische und Zellerneuerung.<\/p>\n<p>&nbsp;<\/p>\n<p><strong>Wirkstoffe<\/strong>: Rosa Grapefruit (fruchtige S\u00e4uren, Flavonoide, Zucker und Vitamine)<\/p>\n","protected":false},"excerpt":{"rendered":"<p>Gesichtscreme f\u00fcr den t\u00e4glichen Gebrauch. Bietet Hydration, Frische und Zellerneuerung. &nbsp; Wirkstoffe: Rosa Grapefruit (fruchtige S\u00e4uren, Flavonoide, Zucker und Vitamine)<\/p>\n","protected":false},"featured_media":1345,"template":"","meta":[],"product_brand":[],"product_cat":[441,436],"product_tag":[],"class_list":{"0":"post-1344","1":"product","2":"type-product","3":"status-publish","4":"has-post-thumbnail","6":"product_cat-hautpflege","7":"product_cat-kosimetik-gentleman","9":"first","10":"instock","11":"taxable","12":"shipping-taxable","13":"purchasable","14":"product-type-simple"},"aioseo_notices":[],"_links":{"self":[{"href":"https:\/\/compagniadelcolore.de\/index.php?rest_route=\/wp\/v2\/product\/1344","targetHints":{"allow":["GET"]}}],"collection":[{"href":"https:\/\/compagniadelcolore.de\/index.php?rest_route=\/wp\/v2\/product"}],"about":[{"href":"https:\/\/compagniadelcolore.de\/index.php?rest_route=\/wp\/v2\/types\/product"}],"wp:featuredmedia":[{"embeddable":true,"href":"https:\/\/compagniadelcolore.de\/index.php?rest_route=\/wp\/v2\/media\/1345"}],"wp:attachment":[{"href":"https:\/\/compagniadelcolore.de\/index.php?rest_route=%2Fwp%2Fv2%2Fmedia&parent=1344"}],"wp:term":[{"taxonomy":"product_brand","embeddable":true,"href":"https:\/\/compagniadelcolore.de\/index.php?rest_route=%2Fwp%2Fv2%2Fproduct_brand&post=1344"},{"taxonomy":"product_cat","embeddable":true,"href":"https:\/\/compagniadelcolore.de\/index.php?rest_route=%2Fwp%2Fv2%2Fproduct_cat&post=1344"},{"taxonomy":"product_tag","embeddable":true,"href":"https:\/\/compagniadelcolore.de\/index.php?rest_route=%2Fwp%2Fv2%2Fproduct_tag&post=1344"}],"curies":[{"name":"wp","href":"https:\/\/api.w.org\/{rel}","templated":true}]}}