{"id":1343,"date":"2019-03-22T10:45:29","date_gmt":"2019-03-22T10:45:29","guid":{"rendered":"http:\/\/compagniadelcolore.de\/?post_type=product&#038;p=1343"},"modified":"2026-01-26T10:03:56","modified_gmt":"2026-01-26T10:03:56","slug":"blend-beard-oil","status":"publish","type":"product","link":"https:\/\/compagniadelcolore.de\/?product=blend-beard-oil","title":{"rendered":"Blend Beard Oil"},"content":{"rendered":"<p><strong>Einzigartige Mischung<\/strong>, um Haut und Bart immer gut durchfeuchtet und gesund zu halten.<\/p>\n<p>&nbsp;<\/p>\n<p><strong>Wirkstoffe<\/strong>: Kukui-\u00d6l, Kokosnuss\u00f6l, Mandel\u00f6l, Vitamin E (Acetat), Bergamotte und Petigrain.<\/p>\n","protected":false},"excerpt":{"rendered":"<p>Einzigartige Mischung, um Haut und Bart immer gut durchfeuchtet und gesund zu halten. &nbsp; Wirkstoffe: Kukui-\u00d6l, Kokosnuss\u00f6l, Mandel\u00f6l, Vitamin E (Acetat), Bergamotte und Petigrain.<\/p>\n","protected":false},"featured_media":1321,"template":"","meta":[],"product_brand":[],"product_cat":[436,440],"product_tag":[],"class_list":{"0":"post-1343","1":"product","2":"type-product","3":"status-publish","4":"has-post-thumbnail","6":"product_cat-kosimetik-gentleman","7":"product_cat-rasur-bart","9":"first","10":"instock","11":"taxable","12":"shipping-taxable","13":"purchasable","14":"product-type-simple"},"aioseo_notices":[],"_links":{"self":[{"href":"https:\/\/compagniadelcolore.de\/index.php?rest_route=\/wp\/v2\/product\/1343","targetHints":{"allow":["GET"]}}],"collection":[{"href":"https:\/\/compagniadelcolore.de\/index.php?rest_route=\/wp\/v2\/product"}],"about":[{"href":"https:\/\/compagniadelcolore.de\/index.php?rest_route=\/wp\/v2\/types\/product"}],"wp:featuredmedia":[{"embeddable":true,"href":"https:\/\/compagniadelcolore.de\/index.php?rest_route=\/wp\/v2\/media\/1321"}],"wp:attachment":[{"href":"https:\/\/compagniadelcolore.de\/index.php?rest_route=%2Fwp%2Fv2%2Fmedia&parent=1343"}],"wp:term":[{"taxonomy":"product_brand","embeddable":true,"href":"https:\/\/compagniadelcolore.de\/index.php?rest_route=%2Fwp%2Fv2%2Fproduct_brand&post=1343"},{"taxonomy":"product_cat","embeddable":true,"href":"https:\/\/compagniadelcolore.de\/index.php?rest_route=%2Fwp%2Fv2%2Fproduct_cat&post=1343"},{"taxonomy":"product_tag","embeddable":true,"href":"https:\/\/compagniadelcolore.de\/index.php?rest_route=%2Fwp%2Fv2%2Fproduct_tag&post=1343"}],"curies":[{"name":"wp","href":"https:\/\/api.w.org\/{rel}","templated":true}]}}