{"id":1318,"date":"2019-03-20T21:01:35","date_gmt":"2019-03-20T21:01:35","guid":{"rendered":"http:\/\/compagniadelcolore.de\/?post_type=product&#038;p=1318"},"modified":"2026-01-26T10:03:59","modified_gmt":"2026-01-26T10:03:59","slug":"leave-in-conditioner-2","status":"publish","type":"product","link":"https:\/\/compagniadelcolore.de\/?product=leave-in-conditioner-2","title":{"rendered":"Leave-In Conditioner"},"content":{"rendered":"<p>Weiche Emulsion f\u00fcr Haare, die nicht gesp\u00fclt werden m\u00fcsen. Gl\u00e4ttet und bereitet das k\u00e4mmen vor.<\/p>\n<p>&nbsp;<\/p>\n<p>Wirkstoffe: Wakame, Grapefruit, Zitrone und Majoran.<\/p>\n","protected":false},"excerpt":{"rendered":"<p>Weiche Emulsion f\u00fcr Haare, die nicht gesp\u00fclt werden m\u00fcsen. Gl\u00e4ttet und bereitet das k\u00e4mmen vor. &nbsp; Wirkstoffe: Wakame, Grapefruit, Zitrone und Majoran.<\/p>\n","protected":false},"featured_media":1325,"template":"","meta":[],"product_brand":[],"product_cat":[436],"product_tag":[],"class_list":{"0":"post-1318","1":"product","2":"type-product","3":"status-publish","4":"has-post-thumbnail","6":"product_cat-kosimetik-gentleman","8":"first","9":"instock","10":"taxable","11":"shipping-taxable","12":"purchasable","13":"product-type-simple"},"aioseo_notices":[],"_links":{"self":[{"href":"https:\/\/compagniadelcolore.de\/index.php?rest_route=\/wp\/v2\/product\/1318","targetHints":{"allow":["GET"]}}],"collection":[{"href":"https:\/\/compagniadelcolore.de\/index.php?rest_route=\/wp\/v2\/product"}],"about":[{"href":"https:\/\/compagniadelcolore.de\/index.php?rest_route=\/wp\/v2\/types\/product"}],"wp:featuredmedia":[{"embeddable":true,"href":"https:\/\/compagniadelcolore.de\/index.php?rest_route=\/wp\/v2\/media\/1325"}],"wp:attachment":[{"href":"https:\/\/compagniadelcolore.de\/index.php?rest_route=%2Fwp%2Fv2%2Fmedia&parent=1318"}],"wp:term":[{"taxonomy":"product_brand","embeddable":true,"href":"https:\/\/compagniadelcolore.de\/index.php?rest_route=%2Fwp%2Fv2%2Fproduct_brand&post=1318"},{"taxonomy":"product_cat","embeddable":true,"href":"https:\/\/compagniadelcolore.de\/index.php?rest_route=%2Fwp%2Fv2%2Fproduct_cat&post=1318"},{"taxonomy":"product_tag","embeddable":true,"href":"https:\/\/compagniadelcolore.de\/index.php?rest_route=%2Fwp%2Fv2%2Fproduct_tag&post=1318"}],"curies":[{"name":"wp","href":"https:\/\/api.w.org\/{rel}","templated":true}]}}