{"id":1299,"date":"2019-02-05T09:38:53","date_gmt":"2019-02-05T09:38:53","guid":{"rendered":"http:\/\/compagniadelcolore.de\/?post_type=product&#038;p=1299"},"modified":"2026-01-26T10:03:59","modified_gmt":"2026-01-26T10:03:59","slug":"cappuccino-foam","status":"publish","type":"product","link":"https:\/\/compagniadelcolore.de\/?product=cappuccino-foam","title":{"rendered":"Cappuccino Foam"},"content":{"rendered":"<p>200 ml<\/p>\n<p>Weicher und leicht restrukturierender Mousse. Der erhaltene Komplex aus Aminos\u00e4uren und Milchproteinen wird schnell und gleichm\u00e4\u00dfig von der Haarfaser aufgenommen, wodurch diese gepflegt und ihre Keratinstruktur erhalten wird. Das vor Hitze und Feuchtigkeit gesch\u00fctzte Haar erh\u00e4lt seine nat\u00fcrliche Elastizit\u00e4t und Geschmeidigkeit zur\u00fcck.<\/p>\n<p>Anwendung:<br \/>\nGut sch\u00fctteln, eine Wallnuss gro\u00dfe Menge der Mousse von den Ans\u00e4tzen bis zu den Spitzen im nassen Haar verteilen, f\u00fcr einen geschmeidigeren und seidigeren Effekt, oder im trockenen Haar, nur auf den L\u00e4ngen, um dem Haar mehr Glanz zu verleihen und Frizz zu beseitigen. Dann das Haar trocknen.<\/p>\n","protected":false},"excerpt":{"rendered":"<p>200 ml Weicher und leicht restrukturierender Mousse. Der erhaltene Komplex aus Aminos\u00e4uren und Milchproteinen wird schnell und gleichm\u00e4\u00dfig von der Haarfaser aufgenommen, wodurch diese gepflegt und ihre Keratinstruktur erhalten wird. Das vor Hitze und Feuchtigkeit gesch\u00fctzte Haar erh\u00e4lt seine nat\u00fcrliche Elastizit\u00e4t und Geschmeidigkeit zur\u00fcck. Anwendung: Gut sch\u00fctteln, eine Wallnuss gro\u00dfe Menge der Mousse von den [&hellip;]<\/p>\n","protected":false},"featured_media":1255,"template":"","meta":[],"product_brand":[],"product_cat":[430,25],"product_tag":[],"class_list":{"0":"post-1299","1":"product","2":"type-product","3":"status-publish","4":"has-post-thumbnail","6":"product_cat-cappuccino","7":"product_cat-haarpflege","9":"first","10":"instock","11":"taxable","12":"shipping-taxable","13":"purchasable","14":"product-type-simple"},"aioseo_notices":[],"_links":{"self":[{"href":"https:\/\/compagniadelcolore.de\/index.php?rest_route=\/wp\/v2\/product\/1299","targetHints":{"allow":["GET"]}}],"collection":[{"href":"https:\/\/compagniadelcolore.de\/index.php?rest_route=\/wp\/v2\/product"}],"about":[{"href":"https:\/\/compagniadelcolore.de\/index.php?rest_route=\/wp\/v2\/types\/product"}],"wp:featuredmedia":[{"embeddable":true,"href":"https:\/\/compagniadelcolore.de\/index.php?rest_route=\/wp\/v2\/media\/1255"}],"wp:attachment":[{"href":"https:\/\/compagniadelcolore.de\/index.php?rest_route=%2Fwp%2Fv2%2Fmedia&parent=1299"}],"wp:term":[{"taxonomy":"product_brand","embeddable":true,"href":"https:\/\/compagniadelcolore.de\/index.php?rest_route=%2Fwp%2Fv2%2Fproduct_brand&post=1299"},{"taxonomy":"product_cat","embeddable":true,"href":"https:\/\/compagniadelcolore.de\/index.php?rest_route=%2Fwp%2Fv2%2Fproduct_cat&post=1299"},{"taxonomy":"product_tag","embeddable":true,"href":"https:\/\/compagniadelcolore.de\/index.php?rest_route=%2Fwp%2Fv2%2Fproduct_tag&post=1299"}],"curies":[{"name":"wp","href":"https:\/\/api.w.org\/{rel}","templated":true}]}}