{"id":1296,"date":"2019-02-05T08:35:41","date_gmt":"2019-02-05T08:35:41","guid":{"rendered":"http:\/\/compagniadelcolore.de\/?post_type=product&#038;p=1296"},"modified":"2026-01-26T10:04:00","modified_gmt":"2026-01-26T10:04:00","slug":"cappuccino-mask","status":"publish","type":"product","link":"https:\/\/compagniadelcolore.de\/?product=cappuccino-mask","title":{"rendered":"Cappuccino Mask"},"content":{"rendered":"<p>250 ml &#8211; 400 ml<\/p>\n<p>Restrukturierende Maske, ideal f\u00fcr chemisch behandeltes und besch\u00e4digtes Haar. Hilft dabei, das Haar zu pflegen, kr\u00e4ftigt es, um Geschmeidigkeit zu erthalten. zus\u00e4tzlich macht es das haar seidig und gl\u00e4nzend, ohne es zu beschweren.<\/p>\n<p>Anwendung:<br \/>\nGleichm\u00e4\u00dfig auf das Haar verteilen, dabei die Ans\u00e4tze aussparen und sich auf die Spitzen konzentrieren. Das Produkt etwa 5 Minuten einwirken lassen. Gr\u00fcndlich aussp\u00fclen.<\/p>\n","protected":false},"excerpt":{"rendered":"<p>250 ml &#8211; 400 ml Restrukturierende Maske, ideal f\u00fcr chemisch behandeltes und besch\u00e4digtes Haar. Hilft dabei, das Haar zu pflegen, kr\u00e4ftigt es, um Geschmeidigkeit zu erthalten. zus\u00e4tzlich macht es das haar seidig und gl\u00e4nzend, ohne es zu beschweren. Anwendung: Gleichm\u00e4\u00dfig auf das Haar verteilen, dabei die Ans\u00e4tze aussparen und sich auf die Spitzen konzentrieren. Das [&hellip;]<\/p>\n","protected":false},"featured_media":1256,"template":"","meta":[],"product_brand":[],"product_cat":[430,25],"product_tag":[],"class_list":{"0":"post-1296","1":"product","2":"type-product","3":"status-publish","4":"has-post-thumbnail","6":"product_cat-cappuccino","7":"product_cat-haarpflege","9":"first","10":"instock","11":"taxable","12":"shipping-taxable","13":"purchasable","14":"product-type-variable"},"aioseo_notices":[],"_links":{"self":[{"href":"https:\/\/compagniadelcolore.de\/index.php?rest_route=\/wp\/v2\/product\/1296","targetHints":{"allow":["GET"]}}],"collection":[{"href":"https:\/\/compagniadelcolore.de\/index.php?rest_route=\/wp\/v2\/product"}],"about":[{"href":"https:\/\/compagniadelcolore.de\/index.php?rest_route=\/wp\/v2\/types\/product"}],"wp:featuredmedia":[{"embeddable":true,"href":"https:\/\/compagniadelcolore.de\/index.php?rest_route=\/wp\/v2\/media\/1256"}],"wp:attachment":[{"href":"https:\/\/compagniadelcolore.de\/index.php?rest_route=%2Fwp%2Fv2%2Fmedia&parent=1296"}],"wp:term":[{"taxonomy":"product_brand","embeddable":true,"href":"https:\/\/compagniadelcolore.de\/index.php?rest_route=%2Fwp%2Fv2%2Fproduct_brand&post=1296"},{"taxonomy":"product_cat","embeddable":true,"href":"https:\/\/compagniadelcolore.de\/index.php?rest_route=%2Fwp%2Fv2%2Fproduct_cat&post=1296"},{"taxonomy":"product_tag","embeddable":true,"href":"https:\/\/compagniadelcolore.de\/index.php?rest_route=%2Fwp%2Fv2%2Fproduct_tag&post=1296"}],"curies":[{"name":"wp","href":"https:\/\/api.w.org\/{rel}","templated":true}]}}