{"id":1074,"date":"2018-06-05T12:19:36","date_gmt":"2018-06-05T12:19:36","guid":{"rendered":"http:\/\/wp13139850.server-he.de\/?post_type=product&#038;p=1074"},"modified":"2026-01-26T10:04:04","modified_gmt":"2026-01-26T10:04:04","slug":"gimme-blonde","status":"publish","type":"product","link":"https:\/\/compagniadelcolore.de\/?product=gimme-blonde","title":{"rendered":"Blondierung  Gimme Blonde"},"content":{"rendered":"<p>&nbsp;<\/p>\n<p>Blondierung mit 9 Fach Aufhellung<\/p>\n<table>\n<tbody>\n<tr>\n<td width=\"302\">POLYAMINZUCKERPLEX<\/p>\n<p>&nbsp;<\/p>\n<p>Mischung aus Oligosacchariden und Aminos\u00e4uren<\/p>\n<p>&nbsp;<\/p>\n<p>PACKUNG: 500 g<\/p>\n<p>&nbsp;<\/p>\n<p>CODE: 1224<\/p>\n<p><strong>\u00a0<\/strong><\/td>\n<\/tr>\n<tr>\n<td width=\"302\"><strong>ULTRA LIFT BLAUES STAUBFREIES BLEICHPULVER<\/strong><\/p>\n<p>Der perfekte Kompromiss zwischen Bleichen und dem Schutz der Haarfaser. Das Pulver bleicht das Haar auf bis zu 9 Stufen, w\u00e4hrend der Zucker es sch\u00fctzt. Das Haar wird bis zu 9 Stufen aufgehellt und bleibt dabei weich, gl\u00e4nzend und konditioniert.<\/p>\n<p>&nbsp;<\/p>\n<p><strong>INHALTSSTOFFE UND FUNKTIONEN<\/strong><\/p>\n<p>Die spezielle Formel enth\u00e4lt ein Polyamin Zucker-Plex, eine Mischung aus Oligosacchariden und Aminos\u00e4uren, die das Haar w\u00e4hrend des Bleichens sch\u00fctzt und konditioniert, ohne die Bleichkraft des Produkts zu beeintr\u00e4chtigen. Die Oligosaccharide (der Zuckeranteil des Komplexes) bilden eine gitterartige Struktur, die das normalerweise im Haar enthaltene Wasser auff\u00e4ngt und zur\u00fcckh\u00e4lt und so ein Austrocknen verhindert. Die Aminos\u00e4uren haben eine n\u00e4hrende Wirkung, begrenzen den Elastizit\u00e4tsverlust, der beim Bleichen auftreten kann und sch\u00fctzen die Keratinstruktur des Haares. Das Polyamin Zucker-Plex arbeitet in Synergie mit einem pflanzlichen \u00d6l, um die Haut w\u00e4hrend des Einsatzes vor aggressiven Substanzen zu sch\u00fctzen, so dass bei jedem Mal ein perfektes Bleichen gew\u00e4hrleistet ist und die nat\u00fcrliche Struktur des Haares gesch\u00fctzt wird. Das Pigment wird entfernt und das Haar sieht gl\u00e4nzend, weich und konditioniert aus<strong>.<\/strong><\/td>\n<\/tr>\n<\/tbody>\n<\/table>\n","protected":false},"excerpt":{"rendered":"<p>&nbsp; Blondierung mit 9 Fach Aufhellung POLYAMINZUCKERPLEX &nbsp; Mischung aus Oligosacchariden und Aminos\u00e4uren &nbsp; PACKUNG: 500 g &nbsp; CODE: 1224 \u00a0 ULTRA LIFT BLAUES STAUBFREIES BLEICHPULVER Der perfekte Kompromiss zwischen Bleichen und dem Schutz der Haarfaser. Das Pulver bleicht das Haar auf bis zu 9 Stufen, w\u00e4hrend der Zucker es sch\u00fctzt. Das Haar wird bis [&hellip;]<\/p>\n","protected":false},"featured_media":221,"template":"","meta":[],"product_brand":[],"product_cat":[405,25],"product_tag":[],"class_list":{"0":"post-1074","1":"product","2":"type-product","3":"status-publish","4":"has-post-thumbnail","6":"product_cat-gimme-blonde","7":"product_cat-haarpflege","9":"first","10":"instock","11":"taxable","12":"shipping-taxable","13":"purchasable","14":"product-type-simple"},"aioseo_notices":[],"_links":{"self":[{"href":"https:\/\/compagniadelcolore.de\/index.php?rest_route=\/wp\/v2\/product\/1074","targetHints":{"allow":["GET"]}}],"collection":[{"href":"https:\/\/compagniadelcolore.de\/index.php?rest_route=\/wp\/v2\/product"}],"about":[{"href":"https:\/\/compagniadelcolore.de\/index.php?rest_route=\/wp\/v2\/types\/product"}],"wp:featuredmedia":[{"embeddable":true,"href":"https:\/\/compagniadelcolore.de\/index.php?rest_route=\/wp\/v2\/media\/221"}],"wp:attachment":[{"href":"https:\/\/compagniadelcolore.de\/index.php?rest_route=%2Fwp%2Fv2%2Fmedia&parent=1074"}],"wp:term":[{"taxonomy":"product_brand","embeddable":true,"href":"https:\/\/compagniadelcolore.de\/index.php?rest_route=%2Fwp%2Fv2%2Fproduct_brand&post=1074"},{"taxonomy":"product_cat","embeddable":true,"href":"https:\/\/compagniadelcolore.de\/index.php?rest_route=%2Fwp%2Fv2%2Fproduct_cat&post=1074"},{"taxonomy":"product_tag","embeddable":true,"href":"https:\/\/compagniadelcolore.de\/index.php?rest_route=%2Fwp%2Fv2%2Fproduct_tag&post=1074"}],"curies":[{"name":"wp","href":"https:\/\/api.w.org\/{rel}","templated":true}]}}