{"id":1066,"date":"2018-06-05T11:53:51","date_gmt":"2018-06-05T11:53:51","guid":{"rendered":"http:\/\/wp13139850.server-he.de\/?post_type=product&#038;p=1066"},"modified":"2026-01-26T10:04:05","modified_gmt":"2026-01-26T10:04:05","slug":"balance-shampoo","status":"publish","type":"product","link":"https:\/\/compagniadelcolore.de\/?product=balance-shampoo","title":{"rendered":"Balance Shampoo"},"content":{"rendered":"<p>Erh\u00e4ltlich in 2 Gr\u00f6\u00dfen: 250 ml und 1000 ml<\/p>\n<table>\n<tbody>\n<tr>\n<td width=\"302\">&nbsp;<\/p>\n<p><strong>\u00a0<\/strong><\/p>\n<p><strong>SHAMPOO MIT DOPPELWIRKUNG<\/strong><\/p>\n<p><strong>\u00a0<\/strong><\/p>\n<p>Das Dual Action Shampoo ist ideal f\u00fcr eine fettige Kopfhaut mit Schuppen und trockenem Haar. Seine Bio-Salbei- und Pfefferminzextrakte verbinden sich mit \u00e4therischen Teebaum\u00f6len und einem hochmodernen Anti-Schuppen-Komplex, um die Talgabsonderung zu reinigen und auszugleichen und ein angenehmes Gef\u00fchl von Sauberkeit und Frische zu hinterlassen.<\/td>\n<\/tr>\n<\/tbody>\n<\/table>\n","protected":false},"excerpt":{"rendered":"<p>Erh\u00e4ltlich in 2 Gr\u00f6\u00dfen: 250 ml und 1000 ml &nbsp; \u00a0 SHAMPOO MIT DOPPELWIRKUNG \u00a0 Das Dual Action Shampoo ist ideal f\u00fcr eine fettige Kopfhaut mit Schuppen und trockenem Haar. Seine Bio-Salbei- und Pfefferminzextrakte verbinden sich mit \u00e4therischen Teebaum\u00f6len und einem hochmodernen Anti-Schuppen-Komplex, um die Talgabsonderung zu reinigen und auszugleichen und ein angenehmes Gef\u00fchl von [&hellip;]<\/p>\n","protected":false},"featured_media":1036,"template":"","meta":[],"product_brand":[],"product_cat":[25,404],"product_tag":[],"class_list":{"0":"post-1066","1":"product","2":"type-product","3":"status-publish","4":"has-post-thumbnail","6":"product_cat-haarpflege","7":"product_cat-scalp-line","8":"pa_250-ml-1000-ml-250-ml","9":"pa_250-ml-1000-ml-1000-ml","11":"first","12":"instock","13":"taxable","14":"shipping-taxable","15":"purchasable","16":"product-type-variable"},"aioseo_notices":[],"_links":{"self":[{"href":"https:\/\/compagniadelcolore.de\/index.php?rest_route=\/wp\/v2\/product\/1066","targetHints":{"allow":["GET"]}}],"collection":[{"href":"https:\/\/compagniadelcolore.de\/index.php?rest_route=\/wp\/v2\/product"}],"about":[{"href":"https:\/\/compagniadelcolore.de\/index.php?rest_route=\/wp\/v2\/types\/product"}],"wp:featuredmedia":[{"embeddable":true,"href":"https:\/\/compagniadelcolore.de\/index.php?rest_route=\/wp\/v2\/media\/1036"}],"wp:attachment":[{"href":"https:\/\/compagniadelcolore.de\/index.php?rest_route=%2Fwp%2Fv2%2Fmedia&parent=1066"}],"wp:term":[{"taxonomy":"product_brand","embeddable":true,"href":"https:\/\/compagniadelcolore.de\/index.php?rest_route=%2Fwp%2Fv2%2Fproduct_brand&post=1066"},{"taxonomy":"product_cat","embeddable":true,"href":"https:\/\/compagniadelcolore.de\/index.php?rest_route=%2Fwp%2Fv2%2Fproduct_cat&post=1066"},{"taxonomy":"product_tag","embeddable":true,"href":"https:\/\/compagniadelcolore.de\/index.php?rest_route=%2Fwp%2Fv2%2Fproduct_tag&post=1066"}],"curies":[{"name":"wp","href":"https:\/\/api.w.org\/{rel}","templated":true}]}}