{"id":1063,"date":"2018-06-05T11:49:49","date_gmt":"2018-06-05T11:49:49","guid":{"rendered":"http:\/\/wp13139850.server-he.de\/?post_type=product&#038;p=1063"},"modified":"2026-01-26T10:04:05","modified_gmt":"2026-01-26T10:04:05","slug":"stop-hairloss-shampoo","status":"publish","type":"product","link":"https:\/\/compagniadelcolore.de\/?product=stop-hairloss-shampoo","title":{"rendered":"Stop Hairloss Shampoo"},"content":{"rendered":"<p>Erh\u00e4ltlich in den Gr\u00f6\u00dfen : 250 ml und 1000 ml<\/p>\n<table>\n<tbody>\n<tr>\n<td width=\"302\">&nbsp;<\/p>\n<p><strong>\u00a0<\/strong><\/p>\n<p><strong>ANTI-HAARAUSFALL-SHAMPOO<\/strong><\/p>\n<p><strong>\u00a0<\/strong><\/p>\n<p>Kosmetische adjuvante Behandlung gegen Haarausfall. Angereichert mit einem Aminos\u00e4uren- und Proteinkomplex, der das Haar st\u00e4rkt und es volumin\u00f6s und lebendig macht. Der Bio Heidelbeerextrakt f\u00f6rdert die periphere Mikrozirkulation und st\u00e4rkt so die Haarfaser, w\u00e4hrend der Bio Ginseng, Ginkgo Biloba und Thymianextrakt gemeinsam die Haarfaser revitalisieren und st\u00e4rken.<\/td>\n<\/tr>\n<\/tbody>\n<\/table>\n","protected":false},"excerpt":{"rendered":"<p>Erh\u00e4ltlich in den Gr\u00f6\u00dfen : 250 ml und 1000 ml &nbsp; \u00a0 ANTI-HAARAUSFALL-SHAMPOO \u00a0 Kosmetische adjuvante Behandlung gegen Haarausfall. Angereichert mit einem Aminos\u00e4uren- und Proteinkomplex, der das Haar st\u00e4rkt und es volumin\u00f6s und lebendig macht. Der Bio Heidelbeerextrakt f\u00f6rdert die periphere Mikrozirkulation und st\u00e4rkt so die Haarfaser, w\u00e4hrend der Bio Ginseng, Ginkgo Biloba und Thymianextrakt [&hellip;]<\/p>\n","protected":false},"featured_media":1035,"template":"","meta":[],"product_brand":[],"product_cat":[25,404],"product_tag":[],"class_list":{"0":"post-1063","1":"product","2":"type-product","3":"status-publish","4":"has-post-thumbnail","6":"product_cat-haarpflege","7":"product_cat-scalp-line","8":"pa_250-ml-1000-ml-250-ml","9":"pa_250-ml-1000-ml-1000-ml","11":"first","12":"instock","13":"taxable","14":"shipping-taxable","15":"purchasable","16":"product-type-variable"},"aioseo_notices":[],"_links":{"self":[{"href":"https:\/\/compagniadelcolore.de\/index.php?rest_route=\/wp\/v2\/product\/1063","targetHints":{"allow":["GET"]}}],"collection":[{"href":"https:\/\/compagniadelcolore.de\/index.php?rest_route=\/wp\/v2\/product"}],"about":[{"href":"https:\/\/compagniadelcolore.de\/index.php?rest_route=\/wp\/v2\/types\/product"}],"wp:featuredmedia":[{"embeddable":true,"href":"https:\/\/compagniadelcolore.de\/index.php?rest_route=\/wp\/v2\/media\/1035"}],"wp:attachment":[{"href":"https:\/\/compagniadelcolore.de\/index.php?rest_route=%2Fwp%2Fv2%2Fmedia&parent=1063"}],"wp:term":[{"taxonomy":"product_brand","embeddable":true,"href":"https:\/\/compagniadelcolore.de\/index.php?rest_route=%2Fwp%2Fv2%2Fproduct_brand&post=1063"},{"taxonomy":"product_cat","embeddable":true,"href":"https:\/\/compagniadelcolore.de\/index.php?rest_route=%2Fwp%2Fv2%2Fproduct_cat&post=1063"},{"taxonomy":"product_tag","embeddable":true,"href":"https:\/\/compagniadelcolore.de\/index.php?rest_route=%2Fwp%2Fv2%2Fproduct_tag&post=1063"}],"curies":[{"name":"wp","href":"https:\/\/api.w.org\/{rel}","templated":true}]}}