{"id":669,"date":"2018-04-17T14:37:10","date_gmt":"2018-04-17T14:37:10","guid":{"rendered":"http:\/\/wp13139850.server-he.de\/?page_id=669"},"modified":"2018-04-19T11:36:05","modified_gmt":"2018-04-19T11:36:05","slug":"style-n-finish-fresh-n-fruity","status":"publish","type":"page","link":"http:\/\/compagniadelcolore.de\/?page_id=669","title":{"rendered":"STYLE-N-FINISH"},"content":{"rendered":"<p><span style=\"color: #ff00ff;\">GEBEN SIE ENERGIE UND REVITALISIEREN SIE IHREN LOOK<\/span><br \/>\n<span style=\"color: #ff00ff;\">MIT DEN PRODUKTEN STYLING &amp; FINISHING VON CDC!<\/span><\/p>\n<p><a href=\"http:\/\/wp13139850.server-he.de\/wp-content\/uploads\/2018\/04\/styling-and-finishing1.jpg\"><img loading=\"lazy\" decoding=\"async\" class=\"alignnone wp-image-230\" src=\"http:\/\/wp13139850.server-he.de\/wp-content\/uploads\/2018\/04\/styling-and-finishing1-300x225.jpg\" alt=\"\" width=\"289\" height=\"226\" \/><\/a><\/p>\n<p>EINE GROSSARTIGE PRODUKTAUSWAHL F\u00dcR DIE FRISUREN,<br \/>\nUM DIE HAARE ZU FIXIEREN, MODELLIEREN, SOWIE VOLUMEN<br \/>\nUND TEXTUR ZU SPENDEN. DIE RESULTATE WERDEN TRENDY,<br \/>\nWANDFREI UND DAUERHAFT SEIN.<\/p>\n<p>Haben Sie glatte, lockige, bunte oder nat\u00fcrliche Haare? <span style=\"color: #ff00ff;\">COMPAGNIA DEL COLORE hat die<\/span><br \/>\n<span style=\"color: #ff00ff;\">richtige L\u00f6sung f\u00fcr jeden Stil und jedes Haar.<\/span> Unsere 10 spezifischen Produkte b\u00fcrgen<br \/>\ndie h\u00f6chste Anwendungsvielseitigkeit und erf\u00fcllen jeden Bedarf. F\u00fcr einen dynamische,<br \/>\nexzentrische und moderne Look.<br \/>\nFrische, bunte, lustige und gro\u00dfartige \u2026 <span style=\"color: #ff00ff;\">COMPAGNIA DEL COLORE ist mit au\u00dferordentliche<\/span><br \/>\n<span style=\"color: #ff00ff;\">Produkten f\u00fcr die Frisuren und dem Styling wiedergekommen!<\/span> Jede Formulierung wird<br \/>\nmit einer speziellen Mischung von echte Aloe und Fruchtextrakt anreichert: dank der<br \/>\nVerbindung mit hypermodernen Konditionierungsmittel werde Sie wunderbare und gesunde<br \/>\nHaare haben!<br \/>\n<span style=\"color: #ff00ff;\">Die 10 unvergleichlichen Formulierungen<\/span> wurden mit den modernsten Polymere von<br \/>\nh\u00f6chsten Qualit\u00e4t und mit Memory-Effekt realisiert, sowie mit den ultrafeinen Silikonen.<br \/>\nDiese Produkte spenden ein flexibles, modellierendes und dauerhaftes Halten und sch\u00fctzen<br \/>\ndie Haare von der W\u00e4rme und der Feuchtigkeit!<\/p>\n<p><span style=\"color: #ff00ff;\">SCHNITZTEN, FIXIEREN, SCH\u00dcTZEN<\/span><br \/>\n<span style=\"color: #ff00ff;\">UND MODELLIEREN SIE IHRE HAARE IM<\/span><br \/>\n<span style=\"color: #ff00ff;\">FRISEURSALON WIE ZUHAUSE.<\/span><\/p>\n<p><a href=\"http:\/\/wp13139850.server-he.de\/wp-content\/uploads\/2018\/04\/SuF_obst.jpg\"><img loading=\"lazy\" decoding=\"async\" class=\"aligncenter wp-image-670 size-medium\" src=\"http:\/\/wp13139850.server-he.de\/wp-content\/uploads\/2018\/04\/SuF_obst-e1523975676276-300x33.jpg\" alt=\"\" width=\"300\" height=\"33\" srcset=\"http:\/\/compagniadelcolore.de\/wp-content\/uploads\/2018\/04\/SuF_obst-e1523975676276-300x33.jpg 300w, http:\/\/compagniadelcolore.de\/wp-content\/uploads\/2018\/04\/SuF_obst-e1523975676276-600x66.jpg 600w, http:\/\/compagniadelcolore.de\/wp-content\/uploads\/2018\/04\/SuF_obst-e1523975676276.jpg 636w\" sizes=\"auto, (max-width: 300px) 100vw, 300px\" \/><br \/>\n<\/a>Die weise Verbindung von Natur, Sch\u00f6nheit und Technologie schafft die neuen Produkte<br \/>\nStyling &amp; Finishing von COMPAGNIA DEL COLORE, um jedes Bed\u00fcrfnis \u00fcber den Styling<br \/>\nzu erf\u00fcllen.<br \/>\nEine Mischung von nat\u00fcrlichen, einzigartigen und bahnbrechenden Zutaten, um die<br \/>\nKontrolle und das Halten zu verst\u00e4rken und die moderne Stylings zu schaffen. Die High-<br \/>\nPerformance-Formulierungen spenden strenge und gesunde Haare und w\u00e4hrend des<br \/>\nAbtrocknens sch\u00fctzten sie die Haarfaser von dem thermischen Einfluss, um gl\u00e4nzende<br \/>\nund vitale Haare zu haben.<br \/>\nLASSEN SIE RAUM F\u00dcR FANTASIE, R\u00dcHMEN<br \/>\nSIE DIE PERS\u00d6NLICHKEIT JEDEN KUNDES UND<br \/>\nSCHAFFEN EINZIGARTIGE UND MODERNE<br \/>\nLOOKS!<\/p>\n<h1 style=\"text-align: center;\"><span style=\"color: #ff00ff;\"><strong>ENTFESSELN SIE IHREN STIL!<\/strong><\/span><\/h1>\n<p>EXTREME LOOKS, DIE DIE HAARE<br \/>\nBEACHTEN,WERDEN M\u00d6GLICH<br \/>\nMIT COMPAGNIA DEL COLORE!<br \/>\nCOMPAGNIA DEL COLORE, DER<br \/>\nBESTE VERB\u00dcNDETER IHRES LOOK!<\/p>\n<p><a href=\"http:\/\/wp13139850.server-he.de\/wp-content\/uploads\/2018\/04\/SuF_obst2.jpg\"><img loading=\"lazy\" decoding=\"async\" class=\"wp-image-671 size-medium aligncenter\" src=\"http:\/\/wp13139850.server-he.de\/wp-content\/uploads\/2018\/04\/SuF_obst2-e1523975783130-300x35.jpg\" alt=\"\" width=\"300\" height=\"35\" srcset=\"http:\/\/compagniadelcolore.de\/wp-content\/uploads\/2018\/04\/SuF_obst2-e1523975783130-300x35.jpg 300w, http:\/\/compagniadelcolore.de\/wp-content\/uploads\/2018\/04\/SuF_obst2-e1523975783130.jpg 567w\" sizes=\"auto, (max-width: 300px) 100vw, 300px\" \/><\/a><\/p>\n","protected":false},"excerpt":{"rendered":"<p>GEBEN SIE ENERGIE UND REVITALISIEREN SIE IHREN LOOK MIT DEN PRODUKTEN STYLING &amp; FINISHING VON CDC! EINE GROSSARTIGE PRODUKTAUSWAHL F\u00dcR DIE FRISUREN, UM DIE HAARE ZU FIXIEREN, MODELLIEREN, SOWIE VOLUMEN UND TEXTUR ZU SPENDEN. DIE RESULTATE WERDEN TRENDY, WANDFREI UND DAUERHAFT SEIN. Haben Sie glatte, lockige, bunte oder nat\u00fcrliche Haare? COMPAGNIA DEL COLORE hat die [&hellip;]<\/p>\n","protected":false},"author":1,"featured_media":0,"parent":0,"menu_order":0,"comment_status":"closed","ping_status":"closed","template":"","meta":{"footnotes":""},"class_list":["post-669","page","type-page","status-publish","hentry"],"aioseo_notices":[],"_links":{"self":[{"href":"http:\/\/compagniadelcolore.de\/index.php?rest_route=\/wp\/v2\/pages\/669","targetHints":{"allow":["GET"]}}],"collection":[{"href":"http:\/\/compagniadelcolore.de\/index.php?rest_route=\/wp\/v2\/pages"}],"about":[{"href":"http:\/\/compagniadelcolore.de\/index.php?rest_route=\/wp\/v2\/types\/page"}],"author":[{"embeddable":true,"href":"http:\/\/compagniadelcolore.de\/index.php?rest_route=\/wp\/v2\/users\/1"}],"replies":[{"embeddable":true,"href":"http:\/\/compagniadelcolore.de\/index.php?rest_route=%2Fwp%2Fv2%2Fcomments&post=669"}],"version-history":[{"count":5,"href":"http:\/\/compagniadelcolore.de\/index.php?rest_route=\/wp\/v2\/pages\/669\/revisions"}],"predecessor-version":[{"id":862,"href":"http:\/\/compagniadelcolore.de\/index.php?rest_route=\/wp\/v2\/pages\/669\/revisions\/862"}],"wp:attachment":[{"href":"http:\/\/compagniadelcolore.de\/index.php?rest_route=%2Fwp%2Fv2%2Fmedia&parent=669"}],"curies":[{"name":"wp","href":"https:\/\/api.w.org\/{rel}","templated":true}]}}