{"id":1167,"date":"2018-07-12T10:52:33","date_gmt":"2018-07-12T10:52:33","guid":{"rendered":"http:\/\/wp13139850.server-he.de\/?page_id=1167"},"modified":"2019-01-30T11:53:52","modified_gmt":"2019-01-30T11:53:52","slug":"unsere-partner","status":"publish","type":"page","link":"http:\/\/compagniadelcolore.de\/?page_id=1167","title":{"rendered":"Unsere Partner"},"content":{"rendered":"<h3>Wir sind weiter offen f\u00fcr Partnerschaften und enger Zusammenarbeit!<\/h3>\n<p>Au\u00dfer den markierten Bereichen sind wir bereit weitere Partnerschaften einzugehen!<br \/>\nHierf\u00fcr melden Sie sich bitte \u00fcber unser Kontaktformular.<\/p>\n<h3><img loading=\"lazy\" decoding=\"async\" class=\"alignnone wp-image-1171 size-medium\" src=\"http:\/\/compagniadelcolore.de\/wp-content\/uploads\/2018\/07\/grafik_europa-232x300.jpg\" alt=\"\" width=\"232\" height=\"300\" srcset=\"http:\/\/compagniadelcolore.de\/wp-content\/uploads\/2018\/07\/grafik_europa-232x300.jpg 232w, http:\/\/compagniadelcolore.de\/wp-content\/uploads\/2018\/07\/grafik_europa.jpg 500w\" sizes=\"auto, (max-width: 232px) 100vw, 232px\" \/><\/h3>\n<h3>Compagnia del Colore Deutschland<\/h3>\n<p>Gladbecker Str. 225<br \/>\n46240 Bottrop<br \/>\nTel.: +49 2041 76 46 519<\/p>\n<h3>CDC Niedersachsen<\/h3>\n<p>Tel.: +49 176 20 53 48 09<\/p>\n<h3>CDC Niederlande<\/h3>\n<p>Tel.: +31 646 99 31 02<\/p>\n","protected":false},"excerpt":{"rendered":"<p>Wir sind weiter offen f\u00fcr Partnerschaften und enger Zusammenarbeit! Au\u00dfer den markierten Bereichen sind wir bereit weitere Partnerschaften einzugehen! Hierf\u00fcr melden Sie sich bitte \u00fcber unser Kontaktformular. Compagnia del Colore Deutschland Gladbecker Str. 225 46240 Bottrop Tel.: +49 2041 76 46 519 CDC Niedersachsen Tel.: +49 176 20 53 48 09 CDC Niederlande Tel.: +31 [&hellip;]<\/p>\n","protected":false},"author":1,"featured_media":0,"parent":0,"menu_order":0,"comment_status":"closed","ping_status":"closed","template":"","meta":{"footnotes":""},"class_list":["post-1167","page","type-page","status-publish","hentry"],"aioseo_notices":[],"_links":{"self":[{"href":"http:\/\/compagniadelcolore.de\/index.php?rest_route=\/wp\/v2\/pages\/1167","targetHints":{"allow":["GET"]}}],"collection":[{"href":"http:\/\/compagniadelcolore.de\/index.php?rest_route=\/wp\/v2\/pages"}],"about":[{"href":"http:\/\/compagniadelcolore.de\/index.php?rest_route=\/wp\/v2\/types\/page"}],"author":[{"embeddable":true,"href":"http:\/\/compagniadelcolore.de\/index.php?rest_route=\/wp\/v2\/users\/1"}],"replies":[{"embeddable":true,"href":"http:\/\/compagniadelcolore.de\/index.php?rest_route=%2Fwp%2Fv2%2Fcomments&post=1167"}],"version-history":[{"count":6,"href":"http:\/\/compagniadelcolore.de\/index.php?rest_route=\/wp\/v2\/pages\/1167\/revisions"}],"predecessor-version":[{"id":1286,"href":"http:\/\/compagniadelcolore.de\/index.php?rest_route=\/wp\/v2\/pages\/1167\/revisions\/1286"}],"wp:attachment":[{"href":"http:\/\/compagniadelcolore.de\/index.php?rest_route=%2Fwp%2Fv2%2Fmedia&parent=1167"}],"curies":[{"name":"wp","href":"https:\/\/api.w.org\/{rel}","templated":true}]}}