{"id":1124,"date":"2018-06-19T23:12:03","date_gmt":"2018-06-19T23:12:03","guid":{"rendered":"http:\/\/wp13139850.server-he.de\/?page_id=1124"},"modified":"2018-06-19T23:12:03","modified_gmt":"2018-06-19T23:12:03","slug":"widerrufsrecht-fuer-verbraucher","status":"publish","type":"page","link":"http:\/\/compagniadelcolore.de\/?page_id=1124","title":{"rendered":"Widerrufsrecht f\u00fcr Verbraucher"},"content":{"rendered":"<p>Widerrufsrecht f\u00fcr Verbraucher<\/p>\n<p>(Verbraucher ist jede nat\u00fcrliche Person, die ein Rechtsgesch\u00e4ft zu Zwecken abschlie\u00dft, die<br \/>\n\u00fcberwiegend weder ihrer gewerblichen noch ihrer selbstst\u00e4ndigen beruflichen T\u00e4tigkeit<br \/>\nzugerechnet werden kann.)<\/p>\n<p>Widerrufsbelehrung<\/p>\n<p>Widerrufsrecht<br \/>\nSie haben das Recht, binnen vierzehn Tagen ohne Angabe von Gr\u00fcnden diesen Vertrag zu<br \/>\nwiderrufen.<br \/>\nDie Widerrufsfrist betr\u00e4gt vierzehn Tage ab dem Tag,<br \/>\n&#8211; an dem Sie oder ein von Ihnen benannter Dritter, der nicht der Bef\u00f6rderer ist, die Waren in<br \/>\nBesitz genommen haben bzw. hat, sofern Sie eine oder mehrere Waren im Rahmen einer<br \/>\neinheitlichen Bestellung bestellt haben und diese einheitlich geliefert wird bzw. werden;<br \/>\n&#8211; an dem Sie oder ein von Ihnen benannter Dritter, der nicht der Bef\u00f6rderer ist, die letzte Ware in<br \/>\nBesitz genommen haben bzw. hat, sofern Sie mehrere Waren im Rahmen einer einheitlichen<br \/>\nBestellung bestellt haben und diese getrennt geliefert werden;<br \/>\nUm Ihr Widerrufsrecht auszu\u00fcben, m\u00fcssen Sie uns (Compagnia del Colore., Gladbeckerstr.225,<br \/>\n46240 Bottrop, Telefonnummer: 020417646519, Telefaxnummer: 0204176465219, E-Mail-<br \/>\nAdresse: info@compagniadelcolore.de) mittels einer eindeutigen Erkl\u00e4rung (z.B. ein mit der<br \/>\nPost versandter Brief, Telefax oder E-Mail) \u00fcber Ihren Entschluss, diesen Vertrag zu widerrufen,<br \/>\ninformieren. Sie k\u00f6nnen daf\u00fcr das beigef\u00fcgte Muster-Widerrufsformular verwenden, das jedoch<br \/>\nnicht vorgeschrieben ist.<br \/>\nZur Wahrung der Widerrufsfrist reicht es aus, dass Sie die Mitteilung \u00fcber die Aus\u00fcbung des<br \/>\nWiderrufsrechts vor Ablauf der Widerrufsfrist absenden.<\/p>\n<p>Folgen des Widerrufs<br \/>\nWenn Sie diesen Vertrag widerrufen, haben wir Ihnen alle Zahlungen, die wir von Ihnen erhalten<br \/>\nhaben, einschlie\u00dflich der Lieferkosten (mit Ausnahme der zus\u00e4tzlichen Kosten, die sich daraus<br \/>\nergeben, dass Sie eine andere Art der Lieferung als die von uns angebotene, g\u00fcnstigste<br \/>\nStandardlieferung gew\u00e4hlt haben), unverz\u00fcglich und sp\u00e4testens binnen vierzehn Tagen ab dem<br \/>\nTag zur\u00fcckzuzahlen, an dem die Mitteilung \u00fcber Ihren Widerruf dieses Vertrags bei uns<br \/>\neingegangen ist. F\u00fcr diese R\u00fcckzahlung verwenden wir dasselbe Zahlungsmittel, das Sie bei der<br \/>\nurspr\u00fcnglichen Transaktion eingesetzt haben, es sei denn, mit Ihnen wurde ausdr\u00fccklich etwas<br \/>\nanderes vereinbart; in keinem Fall werden Ihnen wegen dieser R\u00fcckzahlung Entgelte berechnet.<br \/>\nWir k\u00f6nnen die R\u00fcckzahlung verweigern, bis wir die Waren wieder zur\u00fcckerhalten haben oder bis<br \/>\nSie den Nachweis erbracht haben, dass Sie die Waren zur\u00fcckgesandt haben, je nachdem, welches<br \/>\nder fr\u00fchere Zeitpunkt ist.<br \/>\nSie haben die Waren unverz\u00fcglich und in jedem Fall sp\u00e4testens binnen vierzehn Tagen ab dem<br \/>\nTag, an dem Sie uns \u00fcber den Widerruf dieses Vertrags unterrichten, an uns zur\u00fcckzusenden<br \/>\noder zu \u00fcbergeben. Die Frist ist gewahrt, wenn Sie die Waren vor Ablauf der Frist von vierzehn<br \/>\nTagen absenden.<br \/>\nSie tragen die unmittelbaren Kosten der R\u00fccksendung paketversandf\u00e4higer Waren sowie die<br \/>\nunmittelbaren Kosten der R\u00fccksendung nicht paketversandf\u00e4higer Waren. Die Kosten f\u00fcr nicht<br \/>\npaketversandf\u00e4hige Waren werden auf h\u00f6chstens etwa 7 EUR gesch\u00e4tzt.<br \/>\nSie m\u00fcssen f\u00fcr einen etwaigen Wertverlust der Waren nur aufkommen, wenn dieser Wertverlust<br \/>\nauf einen zur Pr\u00fcfung der Beschaffenheit, Eigenschaften und Funktionsweise der Waren nicht<br \/>\nnotwendigen Umgang mit ihnen zur\u00fcckzuf\u00fchren ist.<\/p>\n<p>Ausschluss- bzw. Erl\u00f6schensgr\u00fcnde<br \/>\nDas Widerrufsrecht besteht nicht bei Vertr\u00e4gen<br \/>\n&#8211; zur Lieferung von Waren, die nicht vorgefertigt sind und f\u00fcr deren Herstellung eine individuelle<br \/>\nAuswahl oder Bestimmung durch den Verbraucher ma\u00dfgeblich ist oder die eindeutig auf die<br \/>\npers\u00f6nlichen Bed\u00fcrfnisse des Verbrauchers zugeschnitten sind;<br \/>\n&#8211; zur Lieferung von Waren, die schnell verderben k\u00f6nnen oder deren Verfallsdatum schnell<br \/>\n\u00fcberschritten w\u00fcrde;<br \/>\n&#8211; zur Lieferung alkoholischer Getr\u00e4nke, deren Preis bei Vertragsschluss vereinbart wurde, die<br \/>\naber fr\u00fchestens 30 Tage nach Vertragsschluss geliefert werden k\u00f6nnen und deren aktueller Wert<br \/>\nvon Schwankungen auf dem Markt abh\u00e4ngt, auf die der Unternehmer keinen Einfluss hat;<br \/>\n&#8211; zur Lieferung von Zeitungen, Zeitschriften oder Illustrierten mit Ausnahme von Abonnement-<br \/>\nVertr\u00e4gen.<br \/>\nDas Widerrufsrecht erlischt vorzeitig bei Vertr\u00e4gen<br \/>\n&#8211; zur Lieferung versiegelter Waren, die aus Gr\u00fcnden des Gesundheitsschutzes oder der Hygiene<br \/>\nnicht zur R\u00fcckgabe geeignet sind, wenn ihre Versiegelung nach der Lieferung entfernt wurde;<br \/>\n&#8211; zur Lieferung von Waren, wenn diese nach der Lieferung aufgrund ihrer Beschaffenheit<br \/>\nuntrennbar mit anderen G\u00fctern vermischt wurden;<br \/>\n&#8211; zur Lieferung von Ton- oder Videoaufnahmen oder Computersoftware in einer versiegelten<br \/>\nPackung, wenn die Versiegelung nach der Lieferung entfernt wurde.<\/p>\n<p>Muster-Widerrufsformular<br \/>\n(Wenn Sie den Vertrag widerrufen wollen, dann f\u00fcllen Sie bitte dieses Formular aus und senden<br \/>\nSie es zur\u00fcck.)<br \/>\n&#8211; An Compagnia delColore, Gladbecker str.225 ,46240 Bottrop, Telefaxnummer: 020417646519, E-<br \/>\nMail-Adresse: info@compagniadelcolore.de :<br \/>\n&#8211; Hiermit widerrufe(n) ich\/ wir (*) den von mir\/ uns (*) abgeschlossenen Vertrag \u00fcber den Kauf<br \/>\nder folgenden Waren (*)\/<br \/>\ndie Erbringung der folgenden Dienstleistung (*)<br \/>\n&#8211; Bestellt am (*)\/ erhalten am (*)<br \/>\n&#8211; Name des\/ der Verbraucher(s)<br \/>\n&#8211; Anschrift des\/ der Verbraucher(s)<br \/>\n&#8211; Unterschrift des\/ der Verbraucher(s) (nur bei Mitteilung auf Papier)<\/p>\n<p>&#8211; Datum<br \/>\n(*) Unzutreffendes streichen.<\/p>\n","protected":false},"excerpt":{"rendered":"<p>Widerrufsrecht f\u00fcr Verbraucher (Verbraucher ist jede nat\u00fcrliche Person, die ein Rechtsgesch\u00e4ft zu Zwecken abschlie\u00dft, die \u00fcberwiegend weder ihrer gewerblichen noch ihrer selbstst\u00e4ndigen beruflichen T\u00e4tigkeit zugerechnet werden kann.) Widerrufsbelehrung Widerrufsrecht Sie haben das Recht, binnen vierzehn Tagen ohne Angabe von Gr\u00fcnden diesen Vertrag zu widerrufen. Die Widerrufsfrist betr\u00e4gt vierzehn Tage ab dem Tag, &#8211; an dem [&hellip;]<\/p>\n","protected":false},"author":1,"featured_media":0,"parent":0,"menu_order":0,"comment_status":"closed","ping_status":"closed","template":"","meta":{"footnotes":""},"class_list":["post-1124","page","type-page","status-publish","hentry"],"aioseo_notices":[],"_links":{"self":[{"href":"http:\/\/compagniadelcolore.de\/index.php?rest_route=\/wp\/v2\/pages\/1124","targetHints":{"allow":["GET"]}}],"collection":[{"href":"http:\/\/compagniadelcolore.de\/index.php?rest_route=\/wp\/v2\/pages"}],"about":[{"href":"http:\/\/compagniadelcolore.de\/index.php?rest_route=\/wp\/v2\/types\/page"}],"author":[{"embeddable":true,"href":"http:\/\/compagniadelcolore.de\/index.php?rest_route=\/wp\/v2\/users\/1"}],"replies":[{"embeddable":true,"href":"http:\/\/compagniadelcolore.de\/index.php?rest_route=%2Fwp%2Fv2%2Fcomments&post=1124"}],"version-history":[{"count":1,"href":"http:\/\/compagniadelcolore.de\/index.php?rest_route=\/wp\/v2\/pages\/1124\/revisions"}],"predecessor-version":[{"id":1125,"href":"http:\/\/compagniadelcolore.de\/index.php?rest_route=\/wp\/v2\/pages\/1124\/revisions\/1125"}],"wp:attachment":[{"href":"http:\/\/compagniadelcolore.de\/index.php?rest_route=%2Fwp%2Fv2%2Fmedia&parent=1124"}],"curies":[{"name":"wp","href":"https:\/\/api.w.org\/{rel}","templated":true}]}}